{"id":15,"date":"2024-04-23T11:39:52","date_gmt":"2024-04-23T09:39:52","guid":{"rendered":"https:\/\/kundih.hr\/moj-racun\/"},"modified":"2024-08-02T14:12:06","modified_gmt":"2024-08-02T12:12:06","slug":"moj-racun","status":"publish","type":"page","link":"https:\/\/kundih.hr\/en\/moj-racun\/","title":{"rendered":"Moj ra\u010dun"},"content":{"rendered":"<div data-elementor-type=\"wp-page\" data-elementor-id=\"15\" class=\"elementor elementor-15\" data-elementor-post-type=\"page\">\n\t\t\t\t<div class=\"elementor-element elementor-element-4bedac4 e-flex e-con-boxed e-con e-parent\" data-id=\"4bedac4\" data-element_type=\"container\" data-settings=\"{&quot;background_background&quot;:&quot;classic&quot;}\">\n\t\t\t\t\t<div class=\"e-con-inner\">\n\t\t\t\t<div class=\"elementor-element elementor-element-5709c7f elementor-widget elementor-widget-woocommerce-breadcrumb\" data-id=\"5709c7f\" data-element_type=\"widget\" data-widget_type=\"woocommerce-breadcrumb.default\">\n\t\t\t\t<div class=\"elementor-widget-container\">\n\t\t\t<nav class=\"woocommerce-breadcrumb\" aria-label=\"Breadcrumb\" data-no-translation=\"\" data-trp-gettext=\"\">Home<\/nav>\t\t<\/div>\n\t\t\t\t<\/div>\n\t\t\t\t\t<\/div>\n\t\t\t\t<\/div>\n\t\t<div class=\"elementor-element elementor-element-284f4818 apl-account-dashboard e-flex e-con-boxed e-con e-parent\" data-id=\"284f4818\" data-element_type=\"container\">\n\t\t\t\t\t<div class=\"e-con-inner\">\n\t\t\t\t<div class=\"elementor-element elementor-element-76087cd e-my-account-tabs-vertical elementor-widget elementor-widget-woocommerce-my-account\" data-id=\"76087cd\" data-element_type=\"widget\" data-widget_type=\"woocommerce-my-account.default\">\n\t\t\t\t<div class=\"elementor-widget-container\">\n\t\t\t<div class=\"e-my-account-tab e-my-account-tab__\">\t\t\t<div class=\"woocommerce\"><\/div>\t\t<\/div>\n\t\t\t\t<\/div>\n\t\t\t\t<\/div>\n\t\t\t\t\t<\/div>\n\t\t\t\t<\/div>\n\t\t\t\t<\/div>","protected":false},"excerpt":{"rendered":"<p>Nadzorna plo\u010da Narud\u017ebe Preuzimanja Adrese Detalji ra\u010duna Odjava Pozdrav kundihAdmin (nisi kundihAdmin? Odjava) Iz svoje nadzorne plo\u010de mo\u017eete pregledati svoje posljednje narud\u017ebe, urediti svoje adrese za naplatu i dostavu i urediti svoju lozinku i detalje korisni\u010dkog ra\u010duna.<\/p>","protected":false},"author":1,"featured_media":0,"parent":0,"menu_order":0,"comment_status":"closed","ping_status":"closed","template":"","meta":{"_acf_changed":false,"footnotes":""},"class_list":["post-15","page","type-page","status-publish","hentry"],"acf":[],"_links":{"self":[{"href":"https:\/\/kundih.hr\/en\/wp-json\/wp\/v2\/pages\/15","targetHints":{"allow":["GET"]}}],"collection":[{"href":"https:\/\/kundih.hr\/en\/wp-json\/wp\/v2\/pages"}],"about":[{"href":"https:\/\/kundih.hr\/en\/wp-json\/wp\/v2\/types\/page"}],"author":[{"embeddable":true,"href":"https:\/\/kundih.hr\/en\/wp-json\/wp\/v2\/users\/1"}],"replies":[{"embeddable":true,"href":"https:\/\/kundih.hr\/en\/wp-json\/wp\/v2\/comments?post=15"}],"version-history":[{"count":87,"href":"https:\/\/kundih.hr\/en\/wp-json\/wp\/v2\/pages\/15\/revisions"}],"predecessor-version":[{"id":2495,"href":"https:\/\/kundih.hr\/en\/wp-json\/wp\/v2\/pages\/15\/revisions\/2495"}],"wp:attachment":[{"href":"https:\/\/kundih.hr\/en\/wp-json\/wp\/v2\/media?parent=15"}],"curies":[{"name":"wp","href":"https:\/\/api.w.org\/{rel}","templated":true}]}}