{"id":682,"date":"2024-04-26T13:44:53","date_gmt":"2024-04-26T11:44:53","guid":{"rendered":"https:\/\/kundih.hr\/?page_id=682"},"modified":"2024-08-02T14:16:42","modified_gmt":"2024-08-02T12:16:42","slug":"o-nama","status":"publish","type":"page","link":"https:\/\/kundih.hr\/en\/o-nama\/","title":{"rendered":"About us"},"content":{"rendered":"<div data-elementor-type=\"wp-page\" data-elementor-id=\"682\" class=\"elementor elementor-682\" data-elementor-post-type=\"page\">\n\t\t\t\t<div class=\"elementor-element elementor-element-61915a4 e-flex e-con-boxed e-con e-parent\" data-id=\"61915a4\" data-element_type=\"container\" data-settings=\"{&quot;background_background&quot;:&quot;classic&quot;}\">\n\t\t\t\t\t<div class=\"e-con-inner\">\n\t\t\t\t<div class=\"elementor-element elementor-element-988604b elementor-widget elementor-widget-woocommerce-breadcrumb\" data-id=\"988604b\" data-element_type=\"widget\" data-widget_type=\"woocommerce-breadcrumb.default\">\n\t\t\t\t<div class=\"elementor-widget-container\">\n\t\t\t<nav class=\"woocommerce-breadcrumb\" aria-label=\"Breadcrumb\" data-no-translation=\"\" data-trp-gettext=\"\">Home<\/nav>\t\t<\/div>\n\t\t\t\t<\/div>\n\t\t\t\t\t<\/div>\n\t\t\t\t<\/div>\n\t\t<div class=\"elementor-element elementor-element-69569d4 e-flex e-con-boxed e-con e-parent\" data-id=\"69569d4\" data-element_type=\"container\">\n\t\t\t\t\t<div class=\"e-con-inner\">\n\t\t<div class=\"elementor-element elementor-element-1933eb5 e-con-full e-flex e-con e-child\" data-id=\"1933eb5\" data-element_type=\"container\">\n\t\t\t\t<div class=\"elementor-element elementor-element-10d2aba apl-timeline elementor-widget elementor-widget-heading\" data-id=\"10d2aba\" data-element_type=\"widget\" data-widget_type=\"heading.default\">\n\t\t\t\t<div class=\"elementor-widget-container\">\n\t\t\t<div class=\"elementor-heading-title elementor-size-default\">1985.<\/div>\t\t<\/div>\n\t\t\t\t<\/div>\n\t\t\t\t<div class=\"elementor-element elementor-element-87b743c elementor-widget elementor-widget-text-editor\" data-id=\"87b743c\" data-element_type=\"widget\" data-widget_type=\"text-editor.default\">\n\t\t\t\t<div class=\"elementor-widget-container\">\n\t\t\t\t\t\t\t<p>Workshop for the manufacture of tools and the processing of machine parts opens in Zagreb<\/p>\t\t\t\t\t\t<\/div>\n\t\t\t\t<\/div>\n\t\t\t\t<\/div>\n\t\t<div class=\"elementor-element elementor-element-1106718 e-con-full e-flex e-con e-child\" data-id=\"1106718\" data-element_type=\"container\">\n\t\t\t\t<div class=\"elementor-element elementor-element-1ebc50c apl-timeline elementor-widget elementor-widget-heading\" data-id=\"1ebc50c\" data-element_type=\"widget\" data-widget_type=\"heading.default\">\n\t\t\t\t<div class=\"elementor-widget-container\">\n\t\t\t<div class=\"elementor-heading-title elementor-size-default\">1990.<\/div>\t\t<\/div>\n\t\t\t\t<\/div>\n\t\t\t\t<div class=\"elementor-element elementor-element-4b15328 elementor-widget elementor-widget-text-editor\" data-id=\"4b15328\" data-element_type=\"widget\" data-widget_type=\"text-editor.default\">\n\t\t\t\t<div class=\"elementor-widget-container\">\n\t\t\t\t\t\t\t<p>Mould workshop opens in Strmec Samoborski and makes moulds for leading Croatian companies<\/p>\t\t\t\t\t\t<\/div>\n\t\t\t\t<\/div>\n\t\t\t\t<\/div>\n\t\t<div class=\"elementor-element elementor-element-72dc961 e-con-full e-flex e-con e-child\" data-id=\"72dc961\" data-element_type=\"container\">\n\t\t\t\t<div class=\"elementor-element elementor-element-1a36e7a apl-timeline elementor-widget elementor-widget-heading\" data-id=\"1a36e7a\" data-element_type=\"widget\" data-widget_type=\"heading.default\">\n\t\t\t\t<div class=\"elementor-widget-container\">\n\t\t\t<div class=\"elementor-heading-title elementor-size-default\">2005.<\/div>\t\t<\/div>\n\t\t\t\t<\/div>\n\t\t\t\t<div class=\"elementor-element elementor-element-b97dffa elementor-widget elementor-widget-text-editor\" data-id=\"b97dffa\" data-element_type=\"widget\" data-widget_type=\"text-editor.default\">\n\t\t\t\t<div class=\"elementor-widget-container\">\n\t\t\t\t\t\t\t<p>Start of production of roller shutter products and parts for PVC and aluminum doors and windows<\/p>\t\t\t\t\t\t<\/div>\n\t\t\t\t<\/div>\n\t\t\t\t<\/div>\n\t\t<div class=\"elementor-element elementor-element-f270f1d e-con-full e-flex e-con e-child\" data-id=\"f270f1d\" data-element_type=\"container\">\n\t\t\t\t<div class=\"elementor-element elementor-element-f8258dc apl-timeline elementor-widget elementor-widget-heading\" data-id=\"f8258dc\" data-element_type=\"widget\" data-widget_type=\"heading.default\">\n\t\t\t\t<div class=\"elementor-widget-container\">\n\t\t\t<div class=\"elementor-heading-title elementor-size-default\">2021.<\/div>\t\t<\/div>\n\t\t\t\t<\/div>\n\t\t\t\t<div class=\"elementor-element elementor-element-c62e299 elementor-widget elementor-widget-text-editor\" data-id=\"c62e299\" data-element_type=\"widget\" data-widget_type=\"text-editor.default\">\n\t\t\t\t<div class=\"elementor-widget-container\">\n\t\t\t\t\t\t\t<p>New production plant in Novaki Samoborski and expanding team of employees<\/p>\t\t\t\t\t\t<\/div>\n\t\t\t\t<\/div>\n\t\t\t\t<\/div>\n\t\t\t\t\t<\/div>\n\t\t\t\t<\/div>\n\t\t<div class=\"elementor-element elementor-element-22b74ed e-flex e-con-boxed e-con e-parent\" data-id=\"22b74ed\" data-element_type=\"container\">\n\t\t\t\t\t<div class=\"e-con-inner\">\n\t\t\t\t<div class=\"elementor-element elementor-element-9e923d6 elementor-widget__width-initial elementor-widget-mobile__width-inherit elementor-widget elementor-widget-heading\" data-id=\"9e923d6\" data-element_type=\"widget\" data-widget_type=\"heading.default\">\n\t\t\t\t<div class=\"elementor-widget-container\">\n\t\t\t<div class=\"elementor-heading-title elementor-size-default\">History<\/div>\t\t<\/div>\n\t\t\t\t<\/div>\n\t\t<div class=\"elementor-element elementor-element-8125472 e-con-full e-flex e-con e-child\" data-id=\"8125472\" data-element_type=\"container\">\n\t\t\t\t<div class=\"elementor-element elementor-element-3e55b5c elementor-widget elementor-widget-text-editor\" data-id=\"3e55b5c\" data-element_type=\"widget\" data-widget_type=\"text-editor.default\">\n\t\t\t\t<div class=\"elementor-widget-container\">\n\t\t\t\t\t\t\t<p style=\"font-weight: 400;\"><b><strong>KUNDIH\u00a0<\/strong><\/b>is a family company present on the market since 1985, specialized in the production of\u00a0<b><strong>roller shutter products and \nparts for PVC and aluminum doors and windows.<\/strong><\/b>Our long-standing family business is constantly working on the development \nof new products, using only the highest quality materials and top technologies of the production process<\/p><p style=\"font-weight: 400;\">We started our story as a workshop for making moulds for injection molding, blowing, cutting, stamping and vacuuming, as well \nas processing machine parts and accessories. During 40 years of continuous business, we have made many complex items. We \nalso cooperated with many companies such as: Kon\u010dar d.d., Zagreba\u010dka pivovara d.o.o., Dukat d.d., Jadran d.d., Munja d.d., \nPrvomajska d.o.o. Today, we are particularly proud of our\u00a0<b><strong>production of roller shutter products and parts for PVC and aluminum doors and windows<\/strong><\/b>\u00a0which we have been engaged in since 2005.<\/p><p style=\"font-weight: 400;\">Thanks to the artisan mentality, dedication to work, constant investment in technology and knowledge of the industry, we can \nproudly say that today we are the leading manufacturer of this products,\u00a0<b><strong>with more than 80 products on offer<\/strong><\/b>.<\/p>\t\t\t\t\t\t<\/div>\n\t\t\t\t<\/div>\n\t\t\t\t<\/div>\n\t\t\t\t\t<\/div>\n\t\t\t\t<\/div>\n\t\t<div class=\"elementor-element elementor-element-f8cdaba e-flex e-con-boxed e-con e-parent\" data-id=\"f8cdaba\" data-element_type=\"container\">\n\t\t\t\t\t<div class=\"e-con-inner\">\n\t\t\t\t<div class=\"elementor-element elementor-element-a6a8e18 elementor-widget__width-initial elementor-widget-mobile__width-inherit elementor-widget elementor-widget-heading\" data-id=\"a6a8e18\" data-element_type=\"widget\" data-widget_type=\"heading.default\">\n\t\t\t\t<div class=\"elementor-widget-container\">\n\t\t\t<div class=\"elementor-heading-title elementor-size-default\">Tradition and innovation<\/div>\t\t<\/div>\n\t\t\t\t<\/div>\n\t\t<div class=\"elementor-element elementor-element-4dbca02 e-con-full e-flex e-con e-child\" data-id=\"4dbca02\" data-element_type=\"container\">\n\t\t\t\t<div class=\"elementor-element elementor-element-ac8c748 elementor-widget elementor-widget-text-editor\" data-id=\"ac8c748\" data-element_type=\"widget\" data-widget_type=\"text-editor.default\">\n\t\t\t\t<div class=\"elementor-widget-container\">\n\t\t\t\t\t\t\t<p style=\"font-weight: 400;\">Years of work on product development, research, investments in machinery and new production facility, as well in human \nresources, have enabled us to develop and expand our business, creating top quality products. At the same time, we have \nmaintained the artisan principle of work that has guided us from the very beginning. Putting an individual approach to each \nclient, we are able to offer professional solutions and manufacture products that meet the needs of our customers both on the\u00a0<b>domestic and foreign markets.<\/b><\/p>\t\t\t\t\t\t<\/div>\n\t\t\t\t<\/div>\n\t\t\t\t<\/div>\n\t\t\t\t\t<\/div>\n\t\t\t\t<\/div>\n\t\t<div class=\"elementor-element elementor-element-d99d24a e-flex e-con-boxed e-con e-parent\" data-id=\"d99d24a\" data-element_type=\"container\">\n\t\t\t\t\t<div class=\"e-con-inner\">\n\t\t\t\t<div class=\"elementor-element elementor-element-4581377 elementor-widget__width-initial elementor-widget elementor-widget-heading\" data-id=\"4581377\" data-element_type=\"widget\" data-widget_type=\"heading.default\">\n\t\t\t\t<div class=\"elementor-widget-container\">\n\t\t\t<div class=\"elementor-heading-title elementor-size-default\">Our Goal<\/div>\t\t<\/div>\n\t\t\t\t<\/div>\n\t\t<div class=\"elementor-element elementor-element-77ad09d e-con-full e-flex e-con e-child\" data-id=\"77ad09d\" data-element_type=\"container\">\n\t\t\t\t<div class=\"elementor-element elementor-element-7544568 elementor-widget elementor-widget-text-editor\" data-id=\"7544568\" data-element_type=\"widget\" data-widget_type=\"text-editor.default\">\n\t\t\t\t<div class=\"elementor-widget-container\">\n\t\t\t\t\t\t\t<p style=\"font-weight: 400;\"><b><strong>Our Goal<\/strong><\/b>\u00a0is to offer customers the highest quality products. We introduce trends with innovative solutions and create top \nquality products. Our products are characterized by quality, stability and durability. Thanks to the continuously developing \nknowledge, we are focused on future growth, increased competitiveness and active sustainability. We are motivated by \ncontinuous improvement of our processes, and with our work and our products we try to recognize the needs of our clients and \nfind new solutions together.<\/p><p style=\"font-weight: 400;\">If you have any questions about us or our products, please feel free to contact us.\u00a0<\/p>\t\t\t\t\t\t<\/div>\n\t\t\t\t<\/div>\n\t\t\t\t<\/div>\n\t\t\t\t\t<\/div>\n\t\t\t\t<\/div>\n\t\t\t\t<\/div>","protected":false},"excerpt":{"rendered":"<p>1985. Otvaranje obrta za izradu alata i obradu strojnih dijelova i galanterije, sa sjedi\u0161tem u Zagrebu 1990. Poduze\u0107e otvara alatnicu u Strmcu Samoborskom i izra\u0111uje alate za vode\u0107e hrvatske kompanije 2005. Po\u010detak proizvodnje roletarskih proizvoda i dijelova za PVC i aluminijsku stolariju 2021. Izgradiv\u0161i novi pogon za proizvodnju u Novakima Samoborskim, poduze\u0107e se seli u [&hellip;]<\/p>\n","protected":false},"author":1,"featured_media":0,"parent":0,"menu_order":0,"comment_status":"closed","ping_status":"closed","template":"","meta":{"_acf_changed":false,"footnotes":""},"class_list":["post-682","page","type-page","status-publish","hentry"],"acf":[],"_links":{"self":[{"href":"https:\/\/kundih.hr\/en\/wp-json\/wp\/v2\/pages\/682","targetHints":{"allow":["GET"]}}],"collection":[{"href":"https:\/\/kundih.hr\/en\/wp-json\/wp\/v2\/pages"}],"about":[{"href":"https:\/\/kundih.hr\/en\/wp-json\/wp\/v2\/types\/page"}],"author":[{"embeddable":true,"href":"https:\/\/kundih.hr\/en\/wp-json\/wp\/v2\/users\/1"}],"replies":[{"embeddable":true,"href":"https:\/\/kundih.hr\/en\/wp-json\/wp\/v2\/comments?post=682"}],"version-history":[{"count":37,"href":"https:\/\/kundih.hr\/en\/wp-json\/wp\/v2\/pages\/682\/revisions"}],"predecessor-version":[{"id":2510,"href":"https:\/\/kundih.hr\/en\/wp-json\/wp\/v2\/pages\/682\/revisions\/2510"}],"wp:attachment":[{"href":"https:\/\/kundih.hr\/en\/wp-json\/wp\/v2\/media?parent=682"}],"curies":[{"name":"wp","href":"https:\/\/api.w.org\/{rel}","templated":true}]}}