{"id":779,"date":"2024-04-29T15:16:53","date_gmt":"2024-04-29T13:16:53","guid":{"rendered":"https:\/\/kundih.hr\/?page_id=779"},"modified":"2024-08-02T14:22:55","modified_gmt":"2024-08-02T12:22:55","slug":"opci-uvjeti-koristenja","status":"publish","type":"page","link":"https:\/\/kundih.hr\/en\/opci-uvjeti-koristenja\/","title":{"rendered":"Op\u0107i uvjeti kori\u0161tenja"},"content":{"rendered":"<div data-elementor-type=\"wp-page\" data-elementor-id=\"779\" class=\"elementor elementor-779\" data-elementor-post-type=\"page\">\n\t\t\t\t<div class=\"elementor-element elementor-element-51007fb e-flex e-con-boxed e-con e-parent\" data-id=\"51007fb\" data-element_type=\"container\" data-settings=\"{&quot;background_background&quot;:&quot;classic&quot;}\">\n\t\t\t\t\t<div class=\"e-con-inner\">\n\t\t\t\t<div class=\"elementor-element elementor-element-3255531 elementor-widget elementor-widget-woocommerce-breadcrumb\" data-id=\"3255531\" data-element_type=\"widget\" data-widget_type=\"woocommerce-breadcrumb.default\">\n\t\t\t\t<div class=\"elementor-widget-container\">\n\t\t\t<nav class=\"woocommerce-breadcrumb\" aria-label=\"Breadcrumb\" data-no-translation=\"\" data-trp-gettext=\"\">Home<\/nav>\t\t<\/div>\n\t\t\t\t<\/div>\n\t\t\t\t\t<\/div>\n\t\t\t\t<\/div>\n\t\t<div class=\"elementor-element elementor-element-f6ce264 e-flex e-con-boxed e-con e-parent\" data-id=\"f6ce264\" data-element_type=\"container\">\n\t\t\t\t\t<div class=\"e-con-inner\">\n\t\t\t\t<div class=\"elementor-element elementor-element-9c90dd3 elementor-widget elementor-widget-text-editor\" data-id=\"9c90dd3\" data-element_type=\"widget\" data-widget_type=\"text-editor.default\">\n\t\t\t\t<div class=\"elementor-widget-container\">\n\t\t\t\t\t\t\t<p><span data-contrast=\"auto\">GENERAL<\/span><span data-ccp-props=\"{}\">\u00a0<\/span><\/p><p><span data-contrast=\"auto\">Internetska stranica https:\/\/kundih.hr\/<\/span><span data-contrast=\"none\">\u00a0<\/span><span data-contrast=\"auto\">u vlasni\u0161tvu je tvrtke KUNDIH, info@kundih.hr<\/span><span data-contrast=\"none\">.<\/span><span data-contrast=\"auto\"> Kori\u0161tenje usluga i sadr\u017eaja internetske stranice regulirano je ovim Uvjetima kori\u0161tenja.<\/span><span data-ccp-props=\"{}\">\u00a0<\/span><\/p><p><span data-contrast=\"auto\">Uvjeti kori\u0161tenja propisuju uvjete i pravila za krajnje korisnike i odnose se na kori\u0161tenje internetske stranice <\/span><span data-contrast=\"none\">KUNDIH. <\/span><span data-contrast=\"auto\">Kori\u0161tenjem internetske stranice, krajnji korisnici iskazuju da se sla\u017eu s Op\u0107im uvjetima poslovanja i kori\u0161tenja te pristaju na kori\u0161tenje internetske stranice u skladu s njima.<\/span><span data-ccp-props=\"{}\">\u00a0<\/span><\/p><p><span data-contrast=\"auto\">Svi materijali koje se nalaze na https:\/\/kundih.hr\/<\/span><span data-contrast=\"none\">\u00a0 <\/span><span data-contrast=\"auto\">internetskoj stranici su intelektualno vlasni\u0161tvo tvrtke <\/span><span data-contrast=\"none\">KUNDIH<\/span><span data-contrast=\"auto\"> i mo\u017ee se koristiti isklju\u010divo uz izri\u010dito odobrenje nositelja autorskih prava te nositelja prava na \u017eigovima i\/ili dizajnu.<\/span><span data-ccp-props=\"{}\">\u00a0<\/span><\/p><p><span data-contrast=\"auto\">Korisnik mo\u017ee svoje upite i komentare poslati pisanim putem, po\u0161tom ili e-mailom, a KUNDIH \u0107e poslati pisani odgovor po\u0161tom ili e-mailom u zakonskom roku.<\/span><span data-ccp-props=\"{}\">\u00a0<\/span><\/p><p><span data-ccp-props=\"{}\">\u00a0<\/span><\/p><p><span data-contrast=\"auto\">OSNOVNI POJMOVI<\/span><span data-ccp-props=\"{}\">\u00a0<\/span><\/p><p><span data-contrast=\"auto\">U smislu ovih uvjeta prodaje, kupac je fizi\u010dka ili pravna osoba koja posredstvom web stranice <\/span><span data-contrast=\"none\">KUNDIH <\/span><span data-contrast=\"auto\">naru\u010di barem jedan proizvod, popuni tra\u017eene podatke i plati naru\u010deni proizvod.<\/span><span data-ccp-props=\"{}\">\u00a0<\/span><\/p><p><span data-contrast=\"auto\">Ukoliko su u podacima o kupcu upisani podaci o pravnoj osobi, tada se kupcem smatra pravna osoba, a fizi\u010dka osoba \u010diji su podaci uneseni smatra se ovla\u0161tenom osobom kupca.<\/span><span data-ccp-props=\"{}\">\u00a0<\/span><\/p><p><span data-contrast=\"auto\">OSOBNI PODACI I POSLOVNA SPOSOBNOST<\/span><span data-ccp-props=\"{}\">\u00a0<\/span><\/p><p><span data-contrast=\"auto\">Za valjanu narud\u017ebu proizvoda osoba koja popunjava narud\u017ebu mora biti starija od 18 godina (poslovna sposobnost).<\/span><span data-ccp-props=\"{}\">\u00a0<\/span><\/p><p><span data-contrast=\"auto\">Kupac snosi odgovornost za to\u010dnost i potpunost unesenih podataka prilikom registracije.<\/span><span data-ccp-props=\"{}\">\u00a0<\/span><\/p><p><span data-ccp-props=\"{}\">\u00a0<\/span><\/p><p><span data-contrast=\"auto\">ZA\u0160TITA OSOBNIH PODATAKA<\/span><span data-ccp-props=\"{}\">\u00a0<\/span><\/p><p><span data-contrast=\"auto\">Pod osobnim podacima smatraju se Va\u0161i identifikacijski podaci: ime i prezime, e-mail adresa, ku\u0107na adresa i broj telefona, odnosno podaci koji ina\u010de nisu javno dostupni, a za koje <\/span><span data-contrast=\"none\">KUNDIH<\/span><span data-contrast=\"auto\"> sazna tijekom Va\u0161eg kori\u0161tenja Internet trgovine.<\/span><span data-ccp-props=\"{}\">\u00a0<\/span><\/p><p><span data-contrast=\"none\">KUNDIH <\/span><span data-contrast=\"auto\">se obvezuje da \u0107e Va\u0161e osobne podatke koristiti samo u identifikacijske svrhe pri kori\u0161tenju Internet trgovine, kako bi vam omogu\u0107ila kori\u0161tenje svih opcija koje one pru\u017eaju, te \u0107e ih \u010duvati u tajnosti, odnosno ne\u0107e ih distribuirati, objavljivati, davati tre\u0107im stranama na kori\u0161tenje niti ih na bilo koji drugi na\u010din u\u010diniti dostupnima bilo kojoj tre\u0107oj osobi bez Va\u0161e prethodne suglasnosti.<\/span><span data-ccp-props=\"{}\">\u00a0<\/span><\/p><p><span data-ccp-props=\"{}\">\u00a0<\/span><\/p><p><span data-contrast=\"auto\">IZJAVA O ZA\u0160TITI I PRIKUPLJANJU OSOBNIH PODATAKA I NJIHOVOM KORI\u0160TENJU<\/span><span data-ccp-props=\"{}\">\u00a0<\/span><\/p><p><span data-contrast=\"none\">KUNDIH<\/span><span data-contrast=\"auto\"> obavezuje se pru\u017eati za\u0161titu osobnim podacima kupaca, na na\u010din da prikuplja samo nu\u017ene, osnovne podatke o kupcima\/ korisnicima koji su nu\u017eni za ispunjenje na\u0161ih obveza; informira kupce o na\u010dinu kori\u0161tenja prikupljenih podataka, redovito daje kupcima mogu\u0107nost izbora o upotrebi njihovih podataka, uklju\u010duju\u0107i mogu\u0107nost odluke \u017eele li ili ne da se njihovo ime ukloni s lista koje se koriste za marketin\u0161ke kampanje. Svi se podaci o korisnicima strogo \u010duvaju i dostupni su samo djelatnicima kojima su ti podaci nu\u017eni za obavljanje posla. Svi djelatnici <\/span><span data-contrast=\"none\">KUNDIH <\/span><span data-contrast=\"auto\">i poslovni partneri odgovorni su za po\u0161tivanje na\u010dela za\u0161tite privatnosti.<\/span><span data-ccp-props=\"{}\">\u00a0<\/span><\/p><p><span data-ccp-props=\"{}\">\u00a0<\/span><\/p><p><span data-contrast=\"auto\">ELEKTRONSKA KOMUNIKACIJA<\/span><span data-ccp-props=\"{}\">\u00a0<\/span><\/p><p><span data-contrast=\"auto\">Posje\u0107ivanjem stranica na\u0161e Internet trgovine komunicirate elektronskim putem. Time prihva\u0107ate da svi sporazumi, obavijesti, priop\u0107enja i ostali sadr\u017eaji koji su vam dostavljeni elektronskim putem zadovoljavaju pravne okvire kao da su ostvareni u pisanom obliku.<\/span><span data-ccp-props=\"{}\">\u00a0<\/span><\/p><p><span data-ccp-props=\"{}\">\u00a0<\/span><\/p><p><span data-contrast=\"auto\">CIJENA<\/span><span data-ccp-props=\"{}\">\u00a0<\/span><\/p><p><span data-contrast=\"none\">KUNDIH <\/span><span data-contrast=\"auto\">se obvezuje jasno, vidljivo i \u010ditljivo istaknuti iznos maloprodajne cijene sukladno \u010dlanku 7. Zakona o za\u0161titi potro\u0161a\u010da (NN 41\/14).<\/span><span data-ccp-props=\"{}\">\u00a0<\/span><\/p><p><span data-contrast=\"none\">KUNDIH<\/span><span data-contrast=\"auto\"> \u0107e periodi\u010dno, sukladno svojoj odluci stavljati odre\u0111ene proizvode na akcijsku prodaju po cijeni koja je ni\u017ea od cijene tih proizvoda u redovnoj prodaji, te se isto obvezuje jasno vidljivo i \u010ditljivo ozna\u010diti i navesti duljinu trajanja akcijske prodaje.<\/span><span data-ccp-props=\"{}\">\u00a0<\/span><\/p><p><span data-contrast=\"auto\">Nakon isteka roka akcijske prodaje, tvrtka <\/span><span data-contrast=\"none\">KUNDIH<\/span><span data-contrast=\"auto\"> ne\u0107e primati narud\u017ebe po uvjetima koji se odnose na akcijsku prodaju kojoj je istekao rok.<\/span><span data-ccp-props=\"{}\">\u00a0<\/span><\/p><p>\u00a0<\/p><p><span data-contrast=\"auto\">RASPOLO\u017dIVOST PROIZVODA<\/span><span data-ccp-props=\"{}\">\u00a0<\/span><\/p><p><span data-contrast=\"auto\">Zbog velikog broja narud\u017ebi koje se istovremeno predaju na KUNDIH<\/span> <span data-contrast=\"auto\">, mo\u017ee se dogoditi da informacija o raspolo\u017eivosti proizvoda ne bude istovjetna sa stanjem u skladi\u0161tu.<\/span><span data-ccp-props=\"{}\">\u00a0<\/span><\/p><p><span data-contrast=\"auto\">Ukoliko naru\u010deni proizvod nije raspolo\u017eiv na skladi\u0161tu, <\/span><span data-contrast=\"none\">KUNDIH<\/span><span data-contrast=\"auto\"> \u0107e obavijestiti kupca da proizvod trenutno nije raspolo\u017eiv, roku u kojem je proizvod dobavljiv te ujedno ponuditi mogu\u0107nost kupnje alternativnog proizvoda iz KUNDIH<\/span> <span data-contrast=\"auto\">koji je raspolo\u017eiv za isporuku i koji je po svojim karakteristikama najbli\u017ei proizvodu koji nije mogu\u0107e isporu\u010diti.<\/span><span data-ccp-props=\"{}\">\u00a0<\/span><\/p>\t\t\t\t\t\t<\/div>\n\t\t\t\t<\/div>\n\t\t\t\t<div class=\"elementor-element elementor-element-1517723 elementor-widget elementor-widget-text-editor\" data-id=\"1517723\" data-element_type=\"widget\" id=\"placanje\" data-widget_type=\"text-editor.default\">\n\t\t\t\t<div class=\"elementor-widget-container\">\n\t\t\t\t\t\t\t<p><span data-contrast=\"auto\">NARUD\u017dBA I TRENUTAK SKLAPANJA UGOVORA<\/span><span data-ccp-props=\"{}\">\u00a0<\/span><\/p><p><span data-contrast=\"auto\">Proizvodi se naru\u010duju odabirom, kori\u0161tenjem menija i popunjavanjem elektronskog formulara. Kupac mo\u017ee naru\u010diti i kupiti proizvod kao registrirani ili neregistrirani korisnik. Proizvod se smatra naru\u010denim kada kupac pro\u0111e cijeli postupak narud\u017ebe.<\/span><span data-ccp-props=\"{}\">\u00a0<\/span><\/p><p><span data-contrast=\"auto\">Pla\u0107anje naru\u010denih proizvoda mogu\u0107e je obaviti na slijede\u0107e na\u010dine:<\/span><span data-ccp-props=\"{}\">\u00a0<\/span><\/p><p><span data-contrast=\"auto\">Cash<\/span><span data-ccp-props=\"{}\">\u00a0<\/span><\/p><p><span data-contrast=\"auto\">Op\u0107om uplatom \/ virmanom \/ e-bankingom<\/span><span data-ccp-props=\"{}\">\u00a0<\/span><\/p><p><span data-contrast=\"auto\">U trenutku kada je narud\u017eba zaprimljena, <\/span><span data-contrast=\"none\">KUNDIH <\/span><span data-contrast=\"auto\">\u0107e elektronskim putem u obliku e-maila obavijestiti kupca o tome da je narud\u017eba zaprimljena odnosno da je proizvod uspje\u0161no naru\u010den.<\/span><span data-ccp-props=\"{}\">\u00a0<\/span><\/p><p><span data-contrast=\"auto\">Ukoliko ne dobijete obavijest iz prethodnog stavka preporu\u010deno je provjeriti:<\/span><span data-ccp-props=\"{}\">\u00a0<\/span><\/p><ul><li><span data-contrast=\"auto\"> da li je poruka u Junk\/Spam folderu<\/span><\/li><li><span data-contrast=\"auto\"> da li je mailbox pun<\/span><\/li><li><span data-contrast=\"auto\"> da li se artikli nalaze u ko\u0161arici , te ako nisu potrebno je ponoviti proces naru\u010divanja<\/span><\/li><\/ul><p><span data-ccp-props=\"{}\">\u00a0<\/span><\/p><p><span data-contrast=\"auto\">Nakon preuzimanja po\u0161iljke od strane dostave kupac \u0107e biti obavije\u0161ten putem e-maila da je po\u0161iljka poslana.<\/span><span data-ccp-props=\"{}\">\u00a0<\/span><\/p><p><span data-contrast=\"auto\">U slu\u010daju pla\u0107anja e-bankingom i op\u0107om uplatom, ugovor se smatra sklopljenim u trenutku kada <\/span><span data-contrast=\"none\">KUNDIH<\/span><span data-contrast=\"auto\"> zaprimi potvrdu da je iznos narud\u017ebe upla\u0107en.<\/span><span data-ccp-props=\"{}\">\u00a0<\/span><\/p><p><span data-contrast=\"auto\">Ukoliko je proizvod naru\u010den, a kao na\u010din pla\u0107anja je odabran e-banking ili op\u0107a uplata, <\/span><span data-contrast=\"none\">KUNDIH<\/span><span data-contrast=\"auto\"> se obvezuje rezervirati proizvod na skladi\u0161tu u trajanju od 3 radna dana, ne uklju\u010duju\u0107i subotu. Nakon isteka 3 radna dana od primitka narud\u017ebe, <\/span><span data-contrast=\"none\">KUNDIH <\/span><span data-contrast=\"auto\">ne jam\u010di za raspolo\u017eivost proizvoda.<\/span><span data-ccp-props=\"{}\">\u00a0<\/span><\/p><p><span data-contrast=\"auto\">Cijena po\u0161tarine nije uklju\u010dena u cijenu proizvoda.<\/span><span data-ccp-props=\"{}\">\u00a0<\/span><\/p><p><span data-contrast=\"auto\">Ukoliko je kao oblik pla\u0107anja odabrano pla\u0107anje e-bankingom ili op\u0107om uplatnicom, a <\/span><span data-contrast=\"none\">KUNDIH<\/span><span data-contrast=\"auto\"> ne raspola\u017ee naru\u010denim proizvodom zbog nedostatka robe na skladi\u0161tu, o tome \u0107e, u primjerenom roku, kupac biti obavije\u0161ten te \u0107e <\/span><span data-contrast=\"none\">KUNDIH<\/span><span data-contrast=\"auto\"> u dogovoru sa kupcem izvr\u0161iti povrat upla\u0107enih nov\u010danih sredstava.<\/span><span data-ccp-props=\"{}\">\u00a0<\/span><\/p><p><span data-contrast=\"auto\">U slu\u010daju gore navedene uplate, kupac odgovara i snosi rizik za to\u010dnost i istinitost dostavljenih podataka s obzirom na to da <\/span><span data-contrast=\"none\">\u0107e KUNDIH<\/span><span data-contrast=\"auto\"> izvr\u0161iti povrat sredstava sukladno dostavljenim podacima.<\/span><span data-ccp-props=\"{}\">\u00a0<\/span><\/p>\t\t\t\t\t\t<\/div>\n\t\t\t\t<\/div>\n\t\t\t\t<div class=\"elementor-element elementor-element-9ebb28d elementor-widget elementor-widget-text-editor\" data-id=\"9ebb28d\" data-element_type=\"widget\" id=\"dostava\" data-widget_type=\"text-editor.default\">\n\t\t\t\t<div class=\"elementor-widget-container\">\n\t\t\t\t\t\t\t<p><span data-contrast=\"auto\">DOSTAVA<\/span><span data-ccp-props=\"{}\">\u00a0<\/span><\/p><p><span data-contrast=\"auto\">Proizvode je mogu\u0107e naru\u010diti za dostavu na podru\u010dju Republike Hrvatske, prema uvjetima koji vrijede za svako podru\u010dje dostave.<\/span><span data-ccp-props=\"{}\">\u00a0<\/span><\/p><p><span data-contrast=\"none\">KUNDIH <\/span><span data-contrast=\"auto\">se obavezuje isporu\u010diti naru\u010deni proizvod <\/span><span data-contrast=\"none\">u roku od 15 dana <\/span><span data-contrast=\"auto\">od dana sklapanja ugovora.<\/span><span data-ccp-props=\"{}\">\u00a0<\/span><\/p><p><span data-contrast=\"auto\">Dostava se obavlja sukladno uvjetima kori\u0161tenja usluga dostavne slu\u017ebe, a smatra se izvr\u0161enom u trenutku predaje proizvoda dostavnoj slu\u017ebi.<\/span><span data-ccp-props=\"{}\">\u00a0<\/span><\/p><p><span data-contrast=\"auto\">Ako se proizvod koji je upu\u0107en kupcu odnosno primatelju vrati u <\/span><span data-contrast=\"none\">KUNDIH <\/span><span data-contrast=\"auto\">jer dostavna slu\u017eba nije uspjela izvr\u0161iti dostavu, kupac \u0107e o tome biti obavije\u0161ten e-mailom te \u0107e mu biti ponu\u0111ena mogu\u0107nost ponovnog slanja.<\/span><span data-ccp-props=\"{}\">\u00a0<\/span><\/p><p><span data-ccp-props=\"{}\">\u00a0<\/span><\/p><p><span data-contrast=\"auto\">JEDNOSTRANI RASKID UGOVORA<\/span><span data-ccp-props=\"{}\">\u00a0<\/span><\/p><p><span data-contrast=\"auto\">Ugovor mo\u017eete jednostrano raskinuti u roku od 14 dana bez navo\u0111enja razloga.<\/span><span data-ccp-props=\"{}\">\u00a0<\/span><\/p><p><span data-contrast=\"auto\">Da biste mogli ostvariti pravo na jednostrani raskid ovoga Ugovora, morate nas obavijestiti o svojoj odluci o jednostranom raskidu ugovora prije isteka roka i to nedvosmislenom izjavom poslanom elektroni\u010dkom po\u0161tom na adresu info@kundih.hr, u kojoj \u0107ete navesti svoje ime i prezime, adresu, broj telefona, telefaksa ili adresu elektroni\u010dke po\u0161te, a mo\u017eete koristiti i predlo\u017eeni primjer obrasca za jednostrani raskid ugovora.<\/span><span data-ccp-props=\"{}\">\u00a0<\/span><\/p><p><span data-ccp-props=\"{}\">\u00a0<\/span><\/p><p><span data-contrast=\"auto\">PRIMJER OBRASCA ZA JEDNOSTRANI RASKID UGOVORA<\/span><span data-ccp-props=\"{}\">\u00a0<\/span><\/p><p><span data-ccp-props=\"{}\">\u00a0<\/span><\/p><p><span data-contrast=\"auto\">Ime, prezime i adresa potro\u0161a\u010da ____________________<\/span><span data-ccp-props=\"{}\">\u00a0<\/span><\/p><p><span data-contrast=\"auto\">Prima: <\/span><span data-contrast=\"none\">KUNDIH<\/span><span data-contrast=\"none\"> Hrv. branitelja 66, HR-10434 Strmec Samoborski<\/span><span data-contrast=\"none\">\u00a0,<\/span><span data-contrast=\"none\"> info@kundih.hr<\/span><span data-ccp-props=\"{}\">\u00a0<\/span><\/p><p><span data-contrast=\"auto\">Ja _____________________ ovim izjavljujem da jednostrano raskidam Ugovor o prodaji sljede\u0107e robe_________________\u00a0\u00a0\u00a0 , naru\u010dene\/primljene dana ______________________<\/span><span data-ccp-props=\"{}\">\u00a0<\/span><\/p><p><span data-contrast=\"auto\">potpis potro\u0161a\u010da (samo ako se ovaj obrazac ispunjava na papiru)<\/span><span data-ccp-props=\"{}\">\u00a0<\/span><\/p><p>\u00a0<\/p><p><span data-contrast=\"auto\">Datum:<\/span><span data-ccp-props=\"{}\">\u00a0<\/span><span data-contrast=\"auto\">\u00a0<\/span><span data-ccp-props=\"{}\">\u00a0<\/span><\/p><p><span data-ccp-props=\"{}\">\u00a0<\/span><\/p><p><span data-contrast=\"auto\">Potvrdu primitka izjave ili obrasca za jednostrani raskid ugovora dostavit \u0107emo Vam, bez odga\u0111anja, elektronskom po\u0161tom.<\/span><span data-ccp-props=\"{}\">\u00a0<\/span><\/p><p><span data-contrast=\"auto\">Rok za jednostrani raskid iznosi 14 dana od dana kada je Vama ili tre\u0107oj osobi koju ste Vi odredili, a koja nije prijevoznik, roba koja je predmet ugovora predana u posjed.<\/span><span data-ccp-props=\"{}\">\u00a0<\/span><\/p><p><span data-contrast=\"auto\">Ako jednostrano raskinete ovaj Ugovor, izvr\u0161it \u0107emo povrat novca koji smo od Vas primili, uklju\u010duju\u0107i i tro\u0161kove isporuke, bez odga\u0111anja, a najkasnije u roku od 14 dana od dana kada smo zaprimili Va\u0161u odluku o jednostranom raskidu ugovora, osim ukoliko ste odabrali drugu vrstu isporuke a koja nije najjeftinija standardna isporuka koju smo mi ponudili,<\/span><span data-ccp-props=\"{}\">\u00a0<\/span><\/p><p><span data-contrast=\"auto\">Povrat novca bit \u0107e izvr\u0161en na isti na\u010din na koji ste Vi izvr\u0161ili uplatu. U slu\u010daju da pristajete na drugi na\u010din povrata pla\u0107enog iznosa, ne snosite nikakve tro\u0161kove u odnosu na povrat.<\/span><span data-ccp-props=\"{}\">\u00a0<\/span><\/p><p><span data-contrast=\"auto\">Povrat novca mo\u017eemo izvr\u0161iti tek nakon \u0161to nam roba bude vra\u0107ena ili nakon \u0161to nam dostavite dokaz da ste nam robu poslali nazad.<\/span><span data-ccp-props=\"{}\">\u00a0<\/span><\/p><p><span data-contrast=\"auto\">Smatra se da ste izvr\u0161ili svoju obvezu na vrijeme ako prije isteka naprijed navedenog roka po\u0161aljete ili predate robu nama, odnosno osobi koju smo ovlastiti za primanje robe.<\/span><span data-ccp-props=\"{}\">\u00a0<\/span><\/p><p><span data-contrast=\"none\">Izravne tro\u0161kove povrata robe morate snositi sami.<\/span><span data-ccp-props=\"{}\">\u00a0<\/span><\/p><p><span data-contrast=\"auto\">Odgovorni ste za svako umanjenje vrijednosti robe koje je rezultat rukovanja robom, osim onog koje je bilo potrebno za utvr\u0111ivanje prirode, obilje\u017eja i funkcionalnosti robe<\/span><span data-ccp-props=\"{}\">\u00a0<\/span><\/p><p><span data-contrast=\"auto\">Potro\u0161a\u010d nema pravo na jednostrani raskid ugovora ako je:<\/span><span data-ccp-props=\"{}\">\u00a0<\/span><\/p><p><span data-contrast=\"auto\">-predmet ugovora zape\u010da\u0107ena roba koja zbog zdravstvenih ili higijenskih razloga nije pogodna za vra\u0107anje, ako je bila otvorena nakon dostave<\/span><span data-ccp-props=\"{}\">\u00a0<\/span><\/p><p><span data-contrast=\"auto\">-predmet ugovora lako pokvarljiva roba ili roba kojoj brzo istje\u010de rok uporabe<\/span><span data-ccp-props=\"{}\">\u00a0<\/span><\/p>\t\t\t\t\t\t<\/div>\n\t\t\t\t<\/div>\n\t\t\t\t<div class=\"elementor-element elementor-element-00bf4b2 elementor-widget elementor-widget-text-editor\" data-id=\"00bf4b2\" data-element_type=\"widget\" id=\"reklamacija\" data-widget_type=\"text-editor.default\">\n\t\t\t\t<div class=\"elementor-widget-container\">\n\t\t\t\t\t\t\t<p><span data-contrast=\"auto\">MATERIJALNI NEDOSTACI PROIZVODA I REKLAMACIJA<\/span><span data-ccp-props=\"{}\">\u00a0<\/span><\/p><p><span data-contrast=\"auto\">Ukoliko kupac uo\u010di materijalne nedostatke isporu\u010denog proizvoda predvi\u0111ene \u010dlankom 401. Zakona o obveznim odnosima a za koje je Prodavatelj odgovoran prema \u010dlanku 400. Zakona o obveznim odnosima kupac mo\u017ee po svom izboru prema \u010dlanku 410. istog zakona :<\/span><span data-ccp-props=\"{}\">\u00a0<\/span><\/p><p><span data-contrast=\"auto\">1) zahtijevati od prodavatelja da nedostatak ukloni,<\/span><span data-ccp-props=\"{}\">\u00a0<\/span><\/p><p><span data-contrast=\"auto\">2) zahtijevati od prodavatelja da mu preda drugu stvar bez nedostatka,<\/span><span data-ccp-props=\"{}\">\u00a0<\/span><\/p><p><span data-contrast=\"auto\">3) izjaviti da raskida ugovor ( prema \u010dlanku 412. Zakona o obveznim odnosima -ako je prethodno dao prodavatelju naknadni primjereni rok za ispunjenje ugovora. Kupac mo\u017ee raskinuti ugovor i bez ostavljanja naknadnog roka ako mu je prodavatelj nakon obavijesti o nedostacima priop\u0107io da ne\u0107e ispuniti ugovor ili ako iz okolnosti konkretnog slu\u010daja o\u010dito proizlazi da prodavatelj ne\u0107e mo\u0107i ispuniti ugovor ni u naknadnom roku, kao i u slu\u010daju kad kupac zbog zaka\u0161njenja prodavatelja ne mo\u017ee ostvariti svrhu radi koje je sklopio ugovor).<\/span><span data-ccp-props=\"{}\">\u00a0<\/span><\/p><p><span data-ccp-props=\"{}\">\u00a0<\/span><\/p><p><span data-contrast=\"auto\">Ako prodavatelj u naknadnom roku ne ispuni ugovor, on se raskida po samom zakonu, ali ga kupac mo\u017ee odr\u017eati ako bez odga\u0111anja izjavi prodavatelju da ugovor odr\u017eava na snazi.<\/span><span data-ccp-props=\"{}\">\u00a0<\/span><\/p><p><span data-contrast=\"auto\">Isto vrijedi i u slu\u010daju ispunjenja s nedostatkom obveze kod koje je ispunjenje u odre\u0111enom roku bitan sastojak ugovora.<\/span><span data-ccp-props=\"{}\">\u00a0<\/span><\/p><p><span data-contrast=\"auto\">Kupac gubi pravo da raskine ugovor zbog nedostatka stvari kad mu je nemogu\u0107e vratiti stvar ili je vratiti u stanju u kojem ju je primio.<\/span><span data-ccp-props=\"{}\">\u00a0<\/span><\/p><p><span data-contrast=\"auto\">Ipak kupac mo\u017ee raskinuti ugovor zbog nekog nedostatka stvari ako je stvar potpuno ili djelomi\u010dno propala ili o\u0161te\u0107ena zbog nedostatka koji opravdava raskid ugovora, ili zbog nekog doga\u0111aja koji ne potje\u010de od njega niti od neke osobe za koju on odgovara.<\/span><span data-ccp-props=\"{}\">\u00a0<\/span><\/p><p><span data-contrast=\"auto\">Isto vrijedi ako je stvar potpuno ili djelomi\u010dno propala ili o\u0161te\u0107ena pri ispunjenju obveze kupca da pregleda stvar, ili ako je kupac prije nego \u0161to je otkriven nedostatak potro\u0161io ili izmijenio jedan dio stvari u tijeku njezine redovite uporabe te ako je o\u0161te\u0107enje ili izmjena bez zna\u010denja.<\/span><span data-ccp-props=\"{}\">\u00a0<\/span><\/p><p><span data-contrast=\"auto\">Kupac koji je zbog nemogu\u0107nosti da vrati stvar ili da je vrati u stanju u kojem ju je primio izgubio pravo da raskine ugovor, zadr\u017eava ostala prava koja mu daje zakon zbog postojanja nekog nedostatka.<\/span><span data-ccp-props=\"{}\">\u00a0<\/span><\/p><p><span data-contrast=\"auto\">Nakon \u0161to kupac u pisanom obliku po\u0161alje obavijest prodavatelju na adresu elektronske po\u0161te info@kundih.hr<\/span><span data-contrast=\"none\">\u00a0<\/span><span data-contrast=\"auto\">i ukoliko se utvrdi da je prigovor opravdan <\/span><b><span data-contrast=\"none\">KUNDIH<\/span><\/b><span data-contrast=\"none\">\u00a0<\/span><span data-contrast=\"none\">\u00a0 <\/span><span data-contrast=\"auto\">\u0107e ukloniti nedostatak sukladno dogovoru s kupcem.<\/span><span data-ccp-props=\"{}\">\u00a0<\/span><\/p><p><span data-contrast=\"auto\">Povrat prodavatelju proizvoda s uo\u010denim nedostatkom kupac realizira na tro\u0161ak prodavatelja.<\/span><span data-ccp-props=\"{}\">\u00a0<\/span><\/p><p><span data-contrast=\"auto\">Sva roba koju prodajemo je ispravno skladi\u0161tena u originalnoj ambala\u017ei.<\/span><span data-ccp-props=\"{}\">\u00a0<\/span><\/p>\t\t\t\t\t\t<\/div>\n\t\t\t\t<\/div>\n\t\t\t\t\t<\/div>\n\t\t\t\t<\/div>\n\t\t\t\t<\/div>","protected":false},"excerpt":{"rendered":"<p>OP\u0106E ODREDBE\u00a0 Internetska stranica https:\/\/kundih.hr\/\u00a0u vlasni\u0161tvu je tvrtke KUNDIH, info@kundih.hr. Kori\u0161tenje usluga i sadr\u017eaja internetske stranice regulirano je ovim Uvjetima kori\u0161tenja.\u00a0 Uvjeti kori\u0161tenja propisuju uvjete i pravila za krajnje korisnike i odnose se na kori\u0161tenje internetske stranice KUNDIH. Kori\u0161tenjem internetske stranice, krajnji korisnici iskazuju da se sla\u017eu s Op\u0107im uvjetima poslovanja i kori\u0161tenja te pristaju [&hellip;]<\/p>\n","protected":false},"author":1,"featured_media":0,"parent":0,"menu_order":0,"comment_status":"closed","ping_status":"closed","template":"","meta":{"_acf_changed":false,"footnotes":""},"class_list":["post-779","page","type-page","status-publish","hentry"],"acf":[],"_links":{"self":[{"href":"https:\/\/kundih.hr\/en\/wp-json\/wp\/v2\/pages\/779","targetHints":{"allow":["GET"]}}],"collection":[{"href":"https:\/\/kundih.hr\/en\/wp-json\/wp\/v2\/pages"}],"about":[{"href":"https:\/\/kundih.hr\/en\/wp-json\/wp\/v2\/types\/page"}],"author":[{"embeddable":true,"href":"https:\/\/kundih.hr\/en\/wp-json\/wp\/v2\/users\/1"}],"replies":[{"embeddable":true,"href":"https:\/\/kundih.hr\/en\/wp-json\/wp\/v2\/comments?post=779"}],"version-history":[{"count":31,"href":"https:\/\/kundih.hr\/en\/wp-json\/wp\/v2\/pages\/779\/revisions"}],"predecessor-version":[{"id":2513,"href":"https:\/\/kundih.hr\/en\/wp-json\/wp\/v2\/pages\/779\/revisions\/2513"}],"wp:attachment":[{"href":"https:\/\/kundih.hr\/en\/wp-json\/wp\/v2\/media?parent=779"}],"curies":[{"name":"wp","href":"https:\/\/api.w.org\/{rel}","templated":true}]}}