{"id":1895,"date":"2024-07-16T10:51:06","date_gmt":"2024-07-16T08:51:06","guid":{"rendered":"https:\/\/kundih.hr\/proizvod\/remenica-o118-mm-osovina-o10-mm\/"},"modified":"2026-04-20T14:13:12","modified_gmt":"2026-04-20T12:13:12","slug":"remenica-o118-mm-osovina-o10-mm","status":"publish","type":"product","link":"https:\/\/kundih.hr\/en\/product\/remenica-o118-mm-osovina-o10-mm\/","title":{"rendered":"Pulley \u00d8118 mm, pivot \u00d810 mm"},"content":{"rendered":"<h6>Pulley for octagonal steel shaft \u00d840 mm.<\/h6>\n<p>With internal round pivot \u00d810 mm.<\/p>\n<p>\u2022 Dimension: \u00d8118 mm<br \/>\n\u2022 Available dimensions: \u00d8118, \u00d8138 mm<\/p>\n<p>&nbsp;<\/p>","protected":false},"excerpt":{"rendered":"<p>Pulley for octagonal steel shaft \u00d840 mm.<br \/>\nWith internal round pivot \u00d810 mm.<\/p>","protected":false},"featured_media":2311,"comment_status":"closed","ping_status":"closed","template":"","meta":{"_acf_changed":false,"rank_math_lock_modified_date":false},"product_cat":[29],"product_tag":[],"class_list":{"0":"post-1895","1":"product","2":"type-product","3":"status-publish","4":"has-post-thumbnail","6":"product_cat-metalna-osovina-rolete","8":"first","9":"instock","10":"purchasable","11":"product-type-simple"},"acf":[],"jetpack_sharing_enabled":true,"_links":{"self":[{"href":"https:\/\/kundih.hr\/en\/wp-json\/wp\/v2\/product\/1895","targetHints":{"allow":["GET"]}}],"collection":[{"href":"https:\/\/kundih.hr\/en\/wp-json\/wp\/v2\/product"}],"about":[{"href":"https:\/\/kundih.hr\/en\/wp-json\/wp\/v2\/types\/product"}],"replies":[{"embeddable":true,"href":"https:\/\/kundih.hr\/en\/wp-json\/wp\/v2\/comments?post=1895"}],"wp:featuredmedia":[{"embeddable":true,"href":"https:\/\/kundih.hr\/en\/wp-json\/wp\/v2\/media\/2311"}],"wp:attachment":[{"href":"https:\/\/kundih.hr\/en\/wp-json\/wp\/v2\/media?parent=1895"}],"wp:term":[{"taxonomy":"product_cat","embeddable":true,"href":"https:\/\/kundih.hr\/en\/wp-json\/wp\/v2\/product_cat?post=1895"},{"taxonomy":"product_tag","embeddable":true,"href":"https:\/\/kundih.hr\/en\/wp-json\/wp\/v2\/product_tag?post=1895"}],"curies":[{"name":"wp","href":"https:\/\/api.w.org\/{rel}","templated":true}]}}