{"id":1903,"date":"2024-07-16T10:51:20","date_gmt":"2024-07-16T08:51:20","guid":{"rendered":"https:\/\/kundih.hr\/proizvod\/adapter-o40-o60-mm\/"},"modified":"2026-04-20T14:15:27","modified_gmt":"2026-04-20T12:15:27","slug":"adapter-za-osovinu-o40-o60-mm","status":"publish","type":"product","link":"https:\/\/kundih.hr\/en\/product\/adapter-za-osovinu-o40-o60-mm\/","title":{"rendered":"Adaptor for steel shaft \u00d840\/\u00d860 mm"},"content":{"rendered":"<h6>Adaptor for octagonal steel shaft \u00d840 mm to \u00d860 mm.<\/h6>\n<p>&nbsp;<\/p>","protected":false},"excerpt":{"rendered":"<p>Adaptor for octagonal steel shaft \u00d840 mm to \u00d860 mm.<\/p>","protected":false},"featured_media":2323,"comment_status":"closed","ping_status":"closed","template":"","meta":{"_acf_changed":false,"rank_math_lock_modified_date":false},"product_cat":[29],"product_tag":[],"class_list":{"0":"post-1903","1":"product","2":"type-product","3":"status-publish","4":"has-post-thumbnail","6":"product_cat-metalna-osovina-rolete","8":"first","9":"instock","10":"purchasable","11":"product-type-simple"},"acf":[],"jetpack_sharing_enabled":true,"_links":{"self":[{"href":"https:\/\/kundih.hr\/en\/wp-json\/wp\/v2\/product\/1903","targetHints":{"allow":["GET"]}}],"collection":[{"href":"https:\/\/kundih.hr\/en\/wp-json\/wp\/v2\/product"}],"about":[{"href":"https:\/\/kundih.hr\/en\/wp-json\/wp\/v2\/types\/product"}],"replies":[{"embeddable":true,"href":"https:\/\/kundih.hr\/en\/wp-json\/wp\/v2\/comments?post=1903"}],"wp:featuredmedia":[{"embeddable":true,"href":"https:\/\/kundih.hr\/en\/wp-json\/wp\/v2\/media\/2323"}],"wp:attachment":[{"href":"https:\/\/kundih.hr\/en\/wp-json\/wp\/v2\/media?parent=1903"}],"wp:term":[{"taxonomy":"product_cat","embeddable":true,"href":"https:\/\/kundih.hr\/en\/wp-json\/wp\/v2\/product_cat?post=1903"},{"taxonomy":"product_tag","embeddable":true,"href":"https:\/\/kundih.hr\/en\/wp-json\/wp\/v2\/product_tag?post=1903"}],"curies":[{"name":"wp","href":"https:\/\/api.w.org\/{rel}","templated":true}]}}