{"id":1913,"date":"2024-07-16T10:51:20","date_gmt":"2024-07-16T08:51:20","guid":{"rendered":"https:\/\/kundih.hr\/proizvod\/nosac-plasta-rolete\/"},"modified":"2026-04-20T14:34:15","modified_gmt":"2026-04-20T12:34:15","slug":"nosac-plasta-rolete","status":"publish","type":"product","link":"https:\/\/kundih.hr\/en\/product\/nosac-plasta-rolete\/","title":{"rendered":"Nosa\u010d pla\u0161ta rolete &#8211; 01"},"content":{"rendered":"<h4><strong>Large selection of parts for repairing roller shutters!<\/strong><\/h4>\n<p>&nbsp;<\/p>\n<h6>Pala vam je roleta? \ud83d\ude42 Imamo rje\u0161enje za Vas.<\/h6>\n<h6>U ponudi imamo dva modela nosa\u010da pla\u0161ta rolete (ovjes rolete, vje\u0161alica za roletu).<\/h6>\n<h6><a href=\"https:\/\/kundih.hr\/en\/product\/nosac-plasta-rolete\/\">Plastificirani model nosa\u010da rolete<\/a> and <a href=\"https:\/\/kundih.hr\/en\/product\/nosac-plasta-rolete-sa-zastitom\/\">nosa\u010d ovjesa rolete sa za\u0161titnom plastikom<\/a>.<\/h6>\n<p>&nbsp;<\/p>\n<h5><strong>Vje\u0161alica\/nosa\u010d pla\u0161ta rolete, plastificirani.<\/strong><\/h5>\n<h6>Suitable for aluminum and plastic slats.<\/h6>\n<ul>\n<li>\n<h6>Dimenzija:100 (20) x 138 mm<\/h6>\n<\/li>\n<li>\n<h6>Materijal: perni \u010delik (termi\u010dki obra\u0111en)<\/h6>\n<\/li>\n<\/ul>\n<p>&nbsp;<\/p>\n<h6><strong>Take advantage of our multi-pack deals and save more!<\/strong><\/h6>\n<h6><a href=\"https:\/\/kundih.hr\/en\/product\/nosac-plasta-rolete-3-kom\/\">Nosa\u010d pla\u0161ta rolete, plastificirani\u00a0 \u00a03 kom<\/a><\/h6>","protected":false},"excerpt":{"rendered":"<p>Vje\u0161alica\/nosa\u010d pla\u0161ta rolete, plastificirani.<\/p>","protected":false},"featured_media":2377,"comment_status":"closed","ping_status":"closed","template":"","meta":{"_acf_changed":false,"rank_math_lock_modified_date":false},"product_cat":[32],"product_tag":[],"class_list":{"0":"post-1913","1":"product","2":"type-product","3":"status-publish","4":"has-post-thumbnail","6":"product_cat-ostali-roletarski-proizvodi","8":"first","9":"instock","10":"purchasable","11":"product-type-simple"},"acf":[],"jetpack_sharing_enabled":true,"_links":{"self":[{"href":"https:\/\/kundih.hr\/en\/wp-json\/wp\/v2\/product\/1913","targetHints":{"allow":["GET"]}}],"collection":[{"href":"https:\/\/kundih.hr\/en\/wp-json\/wp\/v2\/product"}],"about":[{"href":"https:\/\/kundih.hr\/en\/wp-json\/wp\/v2\/types\/product"}],"replies":[{"embeddable":true,"href":"https:\/\/kundih.hr\/en\/wp-json\/wp\/v2\/comments?post=1913"}],"wp:featuredmedia":[{"embeddable":true,"href":"https:\/\/kundih.hr\/en\/wp-json\/wp\/v2\/media\/2377"}],"wp:attachment":[{"href":"https:\/\/kundih.hr\/en\/wp-json\/wp\/v2\/media?parent=1913"}],"wp:term":[{"taxonomy":"product_cat","embeddable":true,"href":"https:\/\/kundih.hr\/en\/wp-json\/wp\/v2\/product_cat?post=1913"},{"taxonomy":"product_tag","embeddable":true,"href":"https:\/\/kundih.hr\/en\/wp-json\/wp\/v2\/product_tag?post=1913"}],"curies":[{"name":"wp","href":"https:\/\/api.w.org\/{rel}","templated":true}]}}