{"id":1914,"date":"2024-07-16T10:51:20","date_gmt":"2024-07-16T08:51:20","guid":{"rendered":"https:\/\/kundih.hr\/proizvod\/nosac-plasta-rolete-sa-zastitom\/"},"modified":"2026-05-07T08:35:25","modified_gmt":"2026-05-07T06:35:25","slug":"nosac-plasta-rolete-sa-zastitom","status":"publish","type":"product","link":"https:\/\/kundih.hr\/en\/product\/nosac-plasta-rolete-sa-zastitom\/","title":{"rendered":"Nosa\u010d pla\u0161ta rolete, s plastikom &#8211; 02"},"content":{"rendered":"<h3 data-section-id=\"1jp9gsr\" data-start=\"0\" data-end=\"57\">Nosa\u010di pla\u0161ta rolete \u2013 sigurno i pouzdano pri\u010dvr\u0161\u0107enje<\/h3>\n<p data-start=\"59\" data-end=\"239\">Kvalitetni nosa\u010di pla\u0161ta rolete (ovjesi\/vje\u0161alice za roletu) omogu\u0107uju sigurno povezivanje pla\u0161ta rolete s osovinom i osiguravaju stabilan rad rolete tijekom podizanja i spu\u0161tanja.<\/p>\n<p data-start=\"241\" data-end=\"354\">Model sa plasti\u010dnim prihvatom lamele.<\/p>\n<h4 data-section-id=\"1qpidex\" data-start=\"477\" data-end=\"489\">Prednosti<\/h4>\n<p data-start=\"491\" data-end=\"702\">\u2714 jednostavna monta\u017ea<br data-start=\"512\" data-end=\"515\" \/>\u2714 \u010dvrst i izdr\u017eljiv materijal<br data-start=\"586\" data-end=\"589\" \/>\u2714 pouzdano dr\u017eanje pla\u0161ta rolete<br data-start=\"621\" data-end=\"624\" \/>\u2714 dugotrajan i tih rad rolete<\/p>\n<p>&nbsp;<\/p>\n<h4 data-section-id=\"a0h66s\" data-start=\"709\" data-end=\"734\">Tehni\u010dke specifikacije<\/h4>\n<ul data-start=\"736\" data-end=\"922\">\n<li data-section-id=\"piz56m\" data-start=\"736\" data-end=\"768\">dimenzija: 106 (20) \u00d7 150 mm<\/li>\n<li data-section-id=\"1t9o15k\" data-start=\"769\" data-end=\"814\">materijal: aluminij, plastika<\/li>\n<li data-section-id=\"ek6yx9\" data-start=\"815\" data-end=\"850\">izvedba: plasti\u010dni prihvat lamele<\/li>\n<li data-section-id=\"1gjl1ba\" data-start=\"851\" data-end=\"900\">namjena: povezivanje pla\u0161ta rolete s osovinom<\/li>\n<\/ul>\n<p>&nbsp;<\/p>\n<h4 data-section-id=\"1vy5b39\" data-start=\"929\" data-end=\"955\">Preporuka za kori\u0161tenje<\/h4>\n<p data-start=\"957\" data-end=\"1087\">Za stabilan i siguran rad rolete preporu\u010duje se zamjena svih nosa\u010da istovremeno.<\/p>\n<p data-start=\"957\" data-end=\"1087\">Kod \u0161irih otvora preporu\u010duje se postavljanje 3 komada.<\/p>\n<h6><\/h6>","protected":false},"excerpt":{"rendered":"<p>Nosa\u010di pla\u0161ta rolete (ovjesi\/vje\u0161alice za roletu), sa plasti\u010dnim prihvatom lamele.<\/p>","protected":false},"featured_media":2398,"comment_status":"closed","ping_status":"closed","template":"","meta":{"_acf_changed":false},"product_brand":[],"product_cat":[32],"product_tag":[],"class_list":{"0":"post-1914","1":"product","2":"type-product","3":"status-publish","4":"has-post-thumbnail","6":"product_cat-ostali-roletarski-proizvodi","8":"first","9":"instock","10":"purchasable","11":"product-type-simple"},"acf":[],"_links":{"self":[{"href":"https:\/\/kundih.hr\/en\/wp-json\/wp\/v2\/product\/1914","targetHints":{"allow":["GET"]}}],"collection":[{"href":"https:\/\/kundih.hr\/en\/wp-json\/wp\/v2\/product"}],"about":[{"href":"https:\/\/kundih.hr\/en\/wp-json\/wp\/v2\/types\/product"}],"replies":[{"embeddable":true,"href":"https:\/\/kundih.hr\/en\/wp-json\/wp\/v2\/comments?post=1914"}],"wp:featuredmedia":[{"embeddable":true,"href":"https:\/\/kundih.hr\/en\/wp-json\/wp\/v2\/media\/2398"}],"wp:attachment":[{"href":"https:\/\/kundih.hr\/en\/wp-json\/wp\/v2\/media?parent=1914"}],"wp:term":[{"taxonomy":"product_brand","embeddable":true,"href":"https:\/\/kundih.hr\/en\/wp-json\/wp\/v2\/product_brand?post=1914"},{"taxonomy":"product_cat","embeddable":true,"href":"https:\/\/kundih.hr\/en\/wp-json\/wp\/v2\/product_cat?post=1914"},{"taxonomy":"product_tag","embeddable":true,"href":"https:\/\/kundih.hr\/en\/wp-json\/wp\/v2\/product_tag?post=1914"}],"curies":[{"name":"wp","href":"https:\/\/api.w.org\/{rel}","templated":true}]}}