{"id":1915,"date":"2024-07-16T10:51:20","date_gmt":"2024-07-16T08:51:20","guid":{"rendered":"https:\/\/kundih.hr\/proizvod\/kocnica-trake-za-rolete-mini\/"},"modified":"2026-05-07T08:58:47","modified_gmt":"2026-05-07T06:58:47","slug":"kocnica-gurtne-za-rolete-16mm","status":"publish","type":"product","link":"https:\/\/kundih.hr\/en\/product\/kocnica-gurtne-za-rolete-16mm\/","title":{"rendered":"Roller shutter strap stopper, strap 16mm"},"content":{"rendered":"<h3 data-section-id=\"1egweqd\" data-start=\"0\" data-end=\"47\">Ko\u010dnica gurtne za rolete \u2013 za traku do 16 mm<\/h3>\n<p data-start=\"49\" data-end=\"204\">Kvalitetna ko\u010dnica gurtne (\u017eabica za traku rolete) namijenjena za sigurno vo\u0111enje i zaustavljanje gurtne kod roleta.<br data-start=\"165\" data-end=\"168\" \/>Prikladna za gurtnu \u0161irine do 16 mm.<\/p>\n<p data-start=\"206\" data-end=\"338\">Izra\u0111ena je od pocin\u010danog \u010delika koji osigurava dugotrajnost, otpornost na habanje i pouzdan rad kod svakodnevnog kori\u0161tenja rolete.<\/p>\n<p>&nbsp;<\/p>\n<h2 data-section-id=\"1qpidex\" data-start=\"345\" data-end=\"357\">Prednosti<\/h2>\n<p data-start=\"359\" data-end=\"540\">\u2713 dugotrajan i pouzdan rad<br data-start=\"417\" data-end=\"420\" \/>\u2713 jednostavna monta\u017ea<br data-start=\"441\" data-end=\"444\" \/>\u2713 glatko vo\u0111enje gurtne<br data-start=\"467\" data-end=\"470\" \/>\u2713 otporno na habanje i koroziju<br data-start=\"501\" data-end=\"504\" \/>\u2713 kompatibilno s gurtnama do 16 mm<\/p>\n<p>&nbsp;<\/p>\n<h4 data-section-id=\"a0h66s\" data-start=\"782\" data-end=\"807\">Tehni\u010dke specifikacije<\/h4>\n<ul data-start=\"809\" data-end=\"929\">\n<li data-section-id=\"1png5at\" data-start=\"809\" data-end=\"839\">tip: ko\u010dnica gurtne \/ \u017eabica<\/li>\n<li data-section-id=\"1ypbyt9\" data-start=\"840\" data-end=\"865\">\u0161irina gurtne: do 16 mm<\/li>\n<li data-section-id=\"4yy4dh\" data-start=\"866\" data-end=\"894\">materijal: pocin\u010dani \u010delik<\/li>\n<li data-section-id=\"l772uf\" data-start=\"895\" data-end=\"913\">monta\u017ea: vijcima<\/li>\n<\/ul>\n<p>&nbsp;<\/p>\n<h4 data-section-id=\"1yssstg\" data-start=\"936\" data-end=\"955\">Dostupne varijante<\/h4>\n<p data-start=\"957\" data-end=\"1016\">Dostupne su dvije veli\u010dine ko\u010dnica, ovisno o \u0161irini gurtne:<\/p>\n<ul data-start=\"1017\" data-end=\"1058\" data-is-last-node=\"\" data-is-only-node=\"\">\n<li data-section-id=\"gcelqo\" data-start=\"1017\" data-end=\"1037\">za gurtnu do 16 mm<\/li>\n<li data-section-id=\"gd8onr\" data-start=\"1038\" data-end=\"1058\" data-is-last-node=\"\">za gurtnu do 22 mm<\/li>\n<\/ul>","protected":false},"excerpt":{"rendered":"<p>Ko\u010dnica gurtne za rolete &#8211; za traku do 16 mm<\/p>","protected":false},"featured_media":2373,"comment_status":"closed","ping_status":"closed","template":"","meta":{"_acf_changed":false},"product_brand":[],"product_cat":[32],"product_tag":[],"class_list":{"0":"post-1915","1":"product","2":"type-product","3":"status-publish","4":"has-post-thumbnail","6":"product_cat-ostali-roletarski-proizvodi","8":"first","9":"instock","10":"purchasable","11":"product-type-simple"},"acf":[],"_links":{"self":[{"href":"https:\/\/kundih.hr\/en\/wp-json\/wp\/v2\/product\/1915","targetHints":{"allow":["GET"]}}],"collection":[{"href":"https:\/\/kundih.hr\/en\/wp-json\/wp\/v2\/product"}],"about":[{"href":"https:\/\/kundih.hr\/en\/wp-json\/wp\/v2\/types\/product"}],"replies":[{"embeddable":true,"href":"https:\/\/kundih.hr\/en\/wp-json\/wp\/v2\/comments?post=1915"}],"wp:featuredmedia":[{"embeddable":true,"href":"https:\/\/kundih.hr\/en\/wp-json\/wp\/v2\/media\/2373"}],"wp:attachment":[{"href":"https:\/\/kundih.hr\/en\/wp-json\/wp\/v2\/media?parent=1915"}],"wp:term":[{"taxonomy":"product_brand","embeddable":true,"href":"https:\/\/kundih.hr\/en\/wp-json\/wp\/v2\/product_brand?post=1915"},{"taxonomy":"product_cat","embeddable":true,"href":"https:\/\/kundih.hr\/en\/wp-json\/wp\/v2\/product_cat?post=1915"},{"taxonomy":"product_tag","embeddable":true,"href":"https:\/\/kundih.hr\/en\/wp-json\/wp\/v2\/product_tag?post=1915"}],"curies":[{"name":"wp","href":"https:\/\/api.w.org\/{rel}","templated":true}]}}