{"id":1917,"date":"2024-07-16T10:51:20","date_gmt":"2024-07-16T08:51:20","guid":{"rendered":"https:\/\/kundih.hr\/proizvod\/provodnik-trake-za-rolete-mini\/"},"modified":"2026-05-07T11:00:30","modified_gmt":"2026-05-07T09:00:30","slug":"provodnik-gurtne-za-rolete-16mm","status":"publish","type":"product","link":"https:\/\/kundih.hr\/en\/product\/provodnik-gurtne-za-rolete-16mm\/","title":{"rendered":"Roller shutter strap guide, strap 16 mm"},"content":{"rendered":"<h3 data-section-id=\"m5x2yt\" data-start=\"0\" data-end=\"49\">Provodnik gurtne za rolete \u2013 za gurtnu do 16 mm<\/h3>\n<p data-start=\"51\" data-end=\"219\">Kvalitetni provodnik gurtne (rolica za traku rolete) omogu\u0107uje glatko i pravilno vo\u0111enje gurtne kroz kutiju rolete.<br data-start=\"176\" data-end=\"179\" \/>Namijenjen je za gurtnu \u0161irine do 16 mm.<\/p>\n<p data-start=\"221\" data-end=\"360\">Zahvaljuju\u0107i kombinaciji pocin\u010danog \u010delika i PVC rolica, osigurava tiho klizanje gurtne i dugotrajan rad bez zapinjanja ili tro\u0161enja trake.<\/p>\n<p>&nbsp;<\/p>\n<h4 data-section-id=\"1qpidex\" data-start=\"367\" data-end=\"379\">Prednosti<\/h4>\n<p data-start=\"381\" data-end=\"569\">\u2713 glatko i tiho vo\u0111enje gurtne<br data-start=\"411\" data-end=\"414\" \/>\u2713 smanjuje tro\u0161enje trake rolete<br data-start=\"446\" data-end=\"449\" \/>\u2713 jednostavna monta\u017ea<br data-start=\"470\" data-end=\"473\" \/>\u2713 PVC rolice za lak\u0161i rad<br data-start=\"530\" data-end=\"533\" \/>\u2713 kompatibilan s gurtnama do 16 mm<\/p>\n<p>&nbsp;<\/p>\n<h4 data-section-id=\"a0h66s\" data-start=\"829\" data-end=\"854\">Tehni\u010dke specifikacije<\/h4>\n<ul data-start=\"856\" data-end=\"993\">\n<li data-section-id=\"1bernuq\" data-start=\"856\" data-end=\"891\">tip: provodnik \/ rolica za gurtnu<\/li>\n<li data-section-id=\"1ypbyt9\" data-start=\"892\" data-end=\"917\">\u0161irina gurtne: do 16 mm<\/li>\n<li data-section-id=\"1t1jkaz\" data-start=\"918\" data-end=\"952\">materijal: pocin\u010dani \u010delik + PVC<\/li>\n<li data-section-id=\"5c9zzb\" data-start=\"953\" data-end=\"974\">boja rolica: bijela<\/li>\n<li data-section-id=\"l772uf\" data-start=\"975\" data-end=\"993\">monta\u017ea: vijcima<\/li>\n<li data-section-id=\"l772uf\" data-start=\"975\" data-end=\"993\">razmak rupa: 40 mm<\/li>\n<\/ul>\n<p>&nbsp;<\/p>\n<section class=\"text-token-text-primary w-full focus:outline-none [--shadow-height:45px] has-data-writing-block:pointer-events-none has-data-writing-block:-mt-(--shadow-height) has-data-writing-block:pt-(--shadow-height) [&amp;:has([data-writing-block])&gt;*]:pointer-events-auto [content-visibility:auto] supports-[content-visibility:auto]:[contain-intrinsic-size:auto_100lvh] R6Vx5W_threadScrollVars scroll-mb-[calc(var(--scroll-root-safe-area-inset-bottom,0px)+var(--thread-response-height))] scroll-mt-[calc(var(--header-height)+min(200px,max(70px,20svh)))]\" dir=\"auto\" data-turn-id=\"request-69f8bdbd-0ce8-8327-b8f0-9427ebe35722-10\" data-testid=\"conversation-turn-126\" data-scroll-anchor=\"false\" data-turn=\"assistant\">\n<div class=\"text-base my-auto mx-auto pb-10 [--thread-content-margin:var(--thread-content-margin-xs,calc(var(--spacing)*4))] @w-sm\/main:[--thread-content-margin:var(--thread-content-margin-sm,calc(var(--spacing)*6))] @w-lg\/main:[--thread-content-margin:var(--thread-content-margin-lg,calc(var(--spacing)*16))] px-(--thread-content-margin)\">\n<div class=\"[--thread-content-max-width:40rem] @w-lg\/main:[--thread-content-max-width:48rem] mx-auto max-w-(--thread-content-max-width) flex-1 group\/turn-messages focus-visible:outline-hidden relative flex w-full min-w-0 flex-col agent-turn\">\n<div class=\"flex max-w-full flex-col gap-4 grow\">\n<div class=\"min-h-8 text-message relative flex w-full flex-col items-end gap-2 text-start break-words whitespace-normal outline-none keyboard-focused:focus-ring [.text-message+&amp;]:mt-1\" dir=\"auto\" tabindex=\"0\" data-message-author-role=\"assistant\" data-message-id=\"67a61254-0657-4bd5-b7f2-3517fea56de2\" data-message-model-slug=\"gpt-5-5\" data-turn-start-message=\"true\">\n<div class=\"flex w-full flex-col gap-1 empty:hidden\">\n<div class=\"markdown prose dark:prose-invert wrap-break-word w-full light markdown-new-styling\">\n<h4 data-section-id=\"16hl74u\" data-start=\"1000\" data-end=\"1020\">Dostupne veli\u010dine<\/h4>\n<p data-start=\"1022\" data-end=\"1059\">Dostupne su dvije varijante provodnika:<\/p>\n<ul data-start=\"1060\" data-end=\"1101\" data-is-last-node=\"\" data-is-only-node=\"\">\n<li data-section-id=\"gcelqo\" data-start=\"1060\" data-end=\"1080\">za gurtnu do 16 mm<\/li>\n<li data-section-id=\"gd8onr\" data-start=\"1081\" data-end=\"1101\" data-is-last-node=\"\">za gurtnu do 22 mm<\/li>\n<\/ul>\n<\/div>\n<\/div>\n<\/div>\n<\/div>\n<\/div>\n<\/div>\n<\/section>\n","protected":false},"excerpt":{"rendered":"<p data-section-id=\"m5x2yt\" data-start=\"0\" data-end=\"49\">Provodnik gurtne za rolete.<\/p>\n<p data-section-id=\"m5x2yt\" data-start=\"0\" data-end=\"49\">Za gurtnu \u0161irine do 16 mm.<\/p>","protected":false},"featured_media":2385,"comment_status":"closed","ping_status":"closed","template":"","meta":{"_acf_changed":false},"product_brand":[],"product_cat":[32],"product_tag":[],"class_list":{"0":"post-1917","1":"product","2":"type-product","3":"status-publish","4":"has-post-thumbnail","6":"product_cat-ostali-roletarski-proizvodi","8":"first","9":"instock","10":"purchasable","11":"product-type-simple"},"acf":[],"_links":{"self":[{"href":"https:\/\/kundih.hr\/en\/wp-json\/wp\/v2\/product\/1917","targetHints":{"allow":["GET"]}}],"collection":[{"href":"https:\/\/kundih.hr\/en\/wp-json\/wp\/v2\/product"}],"about":[{"href":"https:\/\/kundih.hr\/en\/wp-json\/wp\/v2\/types\/product"}],"replies":[{"embeddable":true,"href":"https:\/\/kundih.hr\/en\/wp-json\/wp\/v2\/comments?post=1917"}],"wp:featuredmedia":[{"embeddable":true,"href":"https:\/\/kundih.hr\/en\/wp-json\/wp\/v2\/media\/2385"}],"wp:attachment":[{"href":"https:\/\/kundih.hr\/en\/wp-json\/wp\/v2\/media?parent=1917"}],"wp:term":[{"taxonomy":"product_brand","embeddable":true,"href":"https:\/\/kundih.hr\/en\/wp-json\/wp\/v2\/product_brand?post=1917"},{"taxonomy":"product_cat","embeddable":true,"href":"https:\/\/kundih.hr\/en\/wp-json\/wp\/v2\/product_cat?post=1917"},{"taxonomy":"product_tag","embeddable":true,"href":"https:\/\/kundih.hr\/en\/wp-json\/wp\/v2\/product_tag?post=1917"}],"curies":[{"name":"wp","href":"https:\/\/api.w.org\/{rel}","templated":true}]}}