{"id":1921,"date":"2024-07-16T10:51:34","date_gmt":"2024-07-16T08:51:34","guid":{"rendered":"https:\/\/kundih.hr\/proizvod\/univerzalni-nosac-mini\/"},"modified":"2026-05-07T08:53:45","modified_gmt":"2026-05-07T06:53:45","slug":"univerzalni-nosac-za-rolete-mini-otvoreni","status":"publish","type":"product","link":"https:\/\/kundih.hr\/en\/product\/univerzalni-nosac-za-rolete-mini-otvoreni\/","title":{"rendered":"Universal plastic bracket mini - opened"},"content":{"rendered":"<h3 data-section-id=\"uuh7i2\" data-start=\"0\" data-end=\"46\">Univerzalni nosa\u010d za rolete \u2013 mini otvoreni<\/h3>\n<p data-start=\"48\" data-end=\"223\">Univerzalni plasti\u010dni le\u017eaj\/nosa\u010d za rolete namijenjen za prihvat osovine \u00d810 mm.<br data-start=\"129\" data-end=\"132\" \/>Nosa\u010d omogu\u0107uje jednostavno postavljanje i stabilno dr\u017eanje osovine rolete.<\/p>\n<p data-start=\"225\" data-end=\"319\">Zbog univerzalnog oblika kompatibilan je s razli\u010ditim sustavima roleta te je odli\u010dan izbor za:<\/p>\n<ul data-start=\"320\" data-end=\"437\">\n<li data-section-id=\"6521yg\" data-start=\"320\" data-end=\"346\">servis i popravak roleta<\/li>\n<li data-section-id=\"pfmmf3\" data-start=\"347\" data-end=\"374\">zamjenu dotrajalih nosa\u010da<\/li>\n<li data-section-id=\"qs5hx5\" data-start=\"375\" data-end=\"396\">novu monta\u017eu roleta<\/li>\n<li data-section-id=\"x6udd2\" data-start=\"397\" data-end=\"437\">profesionalne monta\u017ee i ku\u0107ne popravke<\/li>\n<\/ul>\n<p>&nbsp;<\/p>\n<h4 data-section-id=\"1qpidex\" data-start=\"444\" data-end=\"456\">Prednosti<\/h4>\n<p data-start=\"458\" data-end=\"640\">\u2713 univerzalna primjena<br data-start=\"480\" data-end=\"483\" \/>\u2713 jednostavna monta\u017ea<br data-start=\"537\" data-end=\"540\" \/>\u2713 kvalitetna i izdr\u017eljiva plastika<br data-start=\"574\" data-end=\"577\" \/>\u2713 stabilno dr\u017eanje osovine<br data-start=\"603\" data-end=\"606\" \/>\u2713 kompatibilan s osovinom \u00d810 mm<\/p>\n<p>&nbsp;<\/p>\n<h4 data-section-id=\"a0h66s\" data-start=\"647\" data-end=\"672\">Tehni\u010dke specifikacije<\/h4>\n<ul data-start=\"674\" data-end=\"774\">\n<li data-section-id=\"1wl2vo0\" data-start=\"674\" data-end=\"694\">tip: mini otvoreni<\/li>\n<li data-section-id=\"ymklhm\" data-start=\"695\" data-end=\"716\">materijal: plastika<\/li>\n<li data-section-id=\"1pd3ey9\" data-start=\"717\" data-end=\"742\">promjer osovine: \u00d810 mm<\/li>\n<li data-section-id=\"l772uf\" data-start=\"756\" data-end=\"774\">monta\u017ea: vijcima<\/li>\n<li data-section-id=\"l772uf\" data-start=\"756\" data-end=\"774\">dimenzija: 52 x 28 x 15 mm<\/li>\n<\/ul>","protected":false},"excerpt":{"rendered":"<p>Univerzalni plasti\u010dni le\u017eaj\/nosa\u010d za rolete za prihvat osovine \u00d810 mm.<\/p>","protected":false},"featured_media":2395,"comment_status":"closed","ping_status":"closed","template":"","meta":{"_acf_changed":false},"product_brand":[],"product_cat":[32],"product_tag":[],"class_list":{"0":"post-1921","1":"product","2":"type-product","3":"status-publish","4":"has-post-thumbnail","6":"product_cat-ostali-roletarski-proizvodi","8":"first","9":"instock","10":"purchasable","11":"product-type-simple"},"acf":[],"_links":{"self":[{"href":"https:\/\/kundih.hr\/en\/wp-json\/wp\/v2\/product\/1921","targetHints":{"allow":["GET"]}}],"collection":[{"href":"https:\/\/kundih.hr\/en\/wp-json\/wp\/v2\/product"}],"about":[{"href":"https:\/\/kundih.hr\/en\/wp-json\/wp\/v2\/types\/product"}],"replies":[{"embeddable":true,"href":"https:\/\/kundih.hr\/en\/wp-json\/wp\/v2\/comments?post=1921"}],"wp:featuredmedia":[{"embeddable":true,"href":"https:\/\/kundih.hr\/en\/wp-json\/wp\/v2\/media\/2395"}],"wp:attachment":[{"href":"https:\/\/kundih.hr\/en\/wp-json\/wp\/v2\/media?parent=1921"}],"wp:term":[{"taxonomy":"product_brand","embeddable":true,"href":"https:\/\/kundih.hr\/en\/wp-json\/wp\/v2\/product_brand?post=1921"},{"taxonomy":"product_cat","embeddable":true,"href":"https:\/\/kundih.hr\/en\/wp-json\/wp\/v2\/product_cat?post=1921"},{"taxonomy":"product_tag","embeddable":true,"href":"https:\/\/kundih.hr\/en\/wp-json\/wp\/v2\/product_tag?post=1921"}],"curies":[{"name":"wp","href":"https:\/\/api.w.org\/{rel}","templated":true}]}}