{"id":1967,"date":"2024-07-17T14:51:48","date_gmt":"2024-07-17T12:51:48","guid":{"rendered":"https:\/\/kundih.hr\/?post_type=product&#038;p=1967"},"modified":"2025-09-23T13:38:05","modified_gmt":"2025-09-23T11:38:05","slug":"gurtna-za-rolete-20mm-oker-s-crtom","status":"publish","type":"product","link":"https:\/\/kundih.hr\/en\/product\/gurtna-za-rolete-20mm-oker-s-crtom\/","title":{"rendered":"Gurtna za rolete, oker s crtom &#8211; 20 mm"},"content":{"rendered":"<h4><strong>Gurtna za rolete &#8211; Veliki izbor boja, \u0161irina i du\u017eina!<\/strong><\/h4>\n<h6>Provjerite na\u0161u bogatu ponudu traka za roletne u \u0161irinama od 14 do 22 mm, izra\u0111enih od pamuka ili polipropilena, dostupnih u 6 boja.<\/h6>\n<p>&nbsp;<\/p>\n<h5>Traka\/ gurtna za rolete, \u0161irine\u00a0 20 mm, u oker boji sa sme\u0111im crtama.<\/h5>\n<p>Odaberite sami \u0161irinu, du\u017einu, kao i boju gurtne prema va\u0161im potrebama.<br \/>\nHigh-quality durable strap for roller shutters (windows and doors).<\/p>\n<p>\u2022 Strap width: 20 mm<br \/>\n\u2022 Du\u017eine gurtne u ponudi: 6, 10, 50 m<br \/>\n\u2022 Material: PP<br \/>\n\u2022 Color: ocher with a line<\/p>\n<p>&nbsp;<\/p>\n<h6>Provjerite na\u0161u ponudu i ostalih gurtni od 20 mm:<\/h6>\n<p><a href=\"https:\/\/kundih.hr\/en\/product\/gurtna-za-rolete-20mm-bijela\/\">Gurtna, bijela &#8211; 20 mm<\/a><\/p>\n<p><a href=\"https:\/\/kundih.hr\/en\/product\/gurtna-za-rolete-20mm-smeda\/\">Gurtna, sme\u0111a &#8211; 20 mm<\/a><\/p>","protected":false},"excerpt":{"rendered":"<p>Roller shutter strap, PP, width 20mm<br \/>\nColor: ochre<\/p>\n<h6>Cijena proizvoda \u0107e se prikazati nakon odabira \u017eeljene du\u017eine (kvadrati\u0107 dolje).<\/h6>","protected":false},"featured_media":2432,"comment_status":"open","ping_status":"closed","template":"","meta":{"_acf_changed":false,"rank_math_lock_modified_date":false},"product_cat":[31],"product_tag":[],"class_list":{"0":"post-1967","1":"product","2":"type-product","3":"status-publish","4":"has-post-thumbnail","6":"product_cat-gurtne-za-rolete","7":"pa_duzina-6m","8":"pa_duzina-10m","9":"pa_duzina-50m","11":"first","12":"instock","13":"taxable","14":"shipping-taxable","15":"purchasable","16":"product-type-variable"},"acf":[],"jetpack_sharing_enabled":true,"_links":{"self":[{"href":"https:\/\/kundih.hr\/en\/wp-json\/wp\/v2\/product\/1967","targetHints":{"allow":["GET"]}}],"collection":[{"href":"https:\/\/kundih.hr\/en\/wp-json\/wp\/v2\/product"}],"about":[{"href":"https:\/\/kundih.hr\/en\/wp-json\/wp\/v2\/types\/product"}],"replies":[{"embeddable":true,"href":"https:\/\/kundih.hr\/en\/wp-json\/wp\/v2\/comments?post=1967"}],"wp:featuredmedia":[{"embeddable":true,"href":"https:\/\/kundih.hr\/en\/wp-json\/wp\/v2\/media\/2432"}],"wp:attachment":[{"href":"https:\/\/kundih.hr\/en\/wp-json\/wp\/v2\/media?parent=1967"}],"wp:term":[{"taxonomy":"product_cat","embeddable":true,"href":"https:\/\/kundih.hr\/en\/wp-json\/wp\/v2\/product_cat?post=1967"},{"taxonomy":"product_tag","embeddable":true,"href":"https:\/\/kundih.hr\/en\/wp-json\/wp\/v2\/product_tag?post=1967"}],"curies":[{"name":"wp","href":"https:\/\/api.w.org\/{rel}","templated":true}]}}