{"id":1987,"date":"2024-07-17T15:10:40","date_gmt":"2024-07-17T13:10:40","guid":{"rendered":"https:\/\/kundih.hr\/?post_type=product&#038;p=1987"},"modified":"2025-02-14T14:30:11","modified_gmt":"2025-02-14T13:30:11","slug":"spojni-limic-za-spajanje-drvenih-lamela","status":"publish","type":"product","link":"https:\/\/kundih.hr\/en\/product\/spojni-limic-za-spajanje-drvenih-lamela\/","title":{"rendered":"Spring steel connector of wooden slats"},"content":{"rendered":"<h4><strong>Veliki izbor rezervnih dijelova za rolete!<\/strong><\/h4>\n<p>&nbsp;<\/p>\n<h6>Imate stare drvene rolete, te ih \u017eelite popraviti?<\/h6>\n<h6>U ponudi imamo spojne limi\u0107e za spajanje drvenih lamela kako bi ponovno mogli koristiti roletu.<\/h6>\n<p>&nbsp;<\/p>\n<h5><strong>Spring steel connector of wooden slats<\/strong><\/h5>\n<h6>Available packages of 50 or 100 pcs.<\/h6>\n<ul>\n<li>\n<h6>Dimenzija: \u00d872 x 18 mm<\/h6>\n<\/li>\n<li>\n<h6>Materijal: perni \u010delik (termi\u010dki obra\u0111en)<\/h6>\n<\/li>\n<\/ul>","protected":false},"excerpt":{"rendered":"<p>Spojni limi\u0107 za spajanje drvenih lamela starih roleta<\/p>","protected":false},"featured_media":2406,"comment_status":"open","ping_status":"closed","template":"","meta":{"_acf_changed":false,"rank_math_lock_modified_date":false},"product_cat":[32],"product_tag":[],"class_list":{"0":"post-1987","1":"product","2":"type-product","3":"status-publish","4":"has-post-thumbnail","6":"product_cat-ostali-roletarski-proizvodi","7":"pa_kolicina-50-kom","8":"pa_kolicina-100-kom","10":"first","11":"instock","12":"taxable","13":"shipping-taxable","14":"purchasable","15":"product-type-variable"},"acf":[],"jetpack_sharing_enabled":true,"_links":{"self":[{"href":"https:\/\/kundih.hr\/en\/wp-json\/wp\/v2\/product\/1987","targetHints":{"allow":["GET"]}}],"collection":[{"href":"https:\/\/kundih.hr\/en\/wp-json\/wp\/v2\/product"}],"about":[{"href":"https:\/\/kundih.hr\/en\/wp-json\/wp\/v2\/types\/product"}],"replies":[{"embeddable":true,"href":"https:\/\/kundih.hr\/en\/wp-json\/wp\/v2\/comments?post=1987"}],"wp:featuredmedia":[{"embeddable":true,"href":"https:\/\/kundih.hr\/en\/wp-json\/wp\/v2\/media\/2406"}],"wp:attachment":[{"href":"https:\/\/kundih.hr\/en\/wp-json\/wp\/v2\/media?parent=1987"}],"wp:term":[{"taxonomy":"product_cat","embeddable":true,"href":"https:\/\/kundih.hr\/en\/wp-json\/wp\/v2\/product_cat?post=1987"},{"taxonomy":"product_tag","embeddable":true,"href":"https:\/\/kundih.hr\/en\/wp-json\/wp\/v2\/product_tag?post=1987"}],"curies":[{"name":"wp","href":"https:\/\/api.w.org\/{rel}","templated":true}]}}