{"id":3227,"date":"2025-02-14T13:11:01","date_gmt":"2025-02-14T12:11:01","guid":{"rendered":"https:\/\/kundih.hr\/?post_type=product&#038;p=3227"},"modified":"2026-04-20T14:24:01","modified_gmt":"2026-04-20T12:24:01","slug":"nosac-plasta-rolete-3-kom","status":"publish","type":"product","link":"https:\/\/kundih.hr\/en\/product\/nosac-plasta-rolete-3-kom\/","title":{"rendered":"Roller shutter security spring, 3 pcs"},"content":{"rendered":"<h4><strong>Large selection of parts for repairing roller shutters!<\/strong><\/h4>\n<p>&nbsp;<\/p>\n<h6>Pala vam je roleta? \ud83d\ude42 Imamo rje\u0161enje za Vas.<\/h6>\n<h6>U ponudi imamo dva modela nosa\u010da pla\u0161ta rolete (ovjes rolete, vje\u0161alica za roletu).<\/h6>\n<h6><a href=\"https:\/\/kundih.hr\/en\/product\/nosac-plasta-rolete\/\">Plastificirani model nosa\u010da rolete<\/a> and <a href=\"https:\/\/kundih.hr\/en\/product\/nosac-plasta-rolete-sa-zastitom\/\">nosa\u010d ovjesa rolete sa za\u0161titnom plastikom<\/a>.<\/h6>\n<p>&nbsp;<\/p>\n<h5><strong>Odaberite pakiranje od 3 komada i u\u0161tedite!<\/strong><\/h5>\n<p>&nbsp;<\/p>\n<h5><strong>Security spring, plasticized<\/strong><\/h5>\n<h6>Suitable for aluminum and plastic slats.<\/h6>\n<ul>\n<li>\n<h6>Dimenzija:100 (20) x 138 mm<\/h6>\n<\/li>\n<li>\n<h6>Materijal: perni \u010delik (termi\u010dki obra\u0111en)<\/h6>\n<\/li>\n<li>\n<h6>Set of 3 pieces<\/h6>\n<\/li>\n<\/ul>","protected":false},"excerpt":{"rendered":"<p>Security spring, plasticized<\/p>","protected":false},"featured_media":3225,"comment_status":"closed","ping_status":"closed","template":"","meta":{"_acf_changed":false,"rank_math_lock_modified_date":false},"product_cat":[32],"product_tag":[],"class_list":{"0":"post-3227","1":"product","2":"type-product","3":"status-publish","4":"has-post-thumbnail","6":"product_cat-ostali-roletarski-proizvodi","8":"first","9":"instock","10":"purchasable","11":"product-type-simple"},"acf":[],"jetpack_sharing_enabled":true,"_links":{"self":[{"href":"https:\/\/kundih.hr\/en\/wp-json\/wp\/v2\/product\/3227","targetHints":{"allow":["GET"]}}],"collection":[{"href":"https:\/\/kundih.hr\/en\/wp-json\/wp\/v2\/product"}],"about":[{"href":"https:\/\/kundih.hr\/en\/wp-json\/wp\/v2\/types\/product"}],"replies":[{"embeddable":true,"href":"https:\/\/kundih.hr\/en\/wp-json\/wp\/v2\/comments?post=3227"}],"wp:featuredmedia":[{"embeddable":true,"href":"https:\/\/kundih.hr\/en\/wp-json\/wp\/v2\/media\/3225"}],"wp:attachment":[{"href":"https:\/\/kundih.hr\/en\/wp-json\/wp\/v2\/media?parent=3227"}],"wp:term":[{"taxonomy":"product_cat","embeddable":true,"href":"https:\/\/kundih.hr\/en\/wp-json\/wp\/v2\/product_cat?post=3227"},{"taxonomy":"product_tag","embeddable":true,"href":"https:\/\/kundih.hr\/en\/wp-json\/wp\/v2\/product_tag?post=3227"}],"curies":[{"name":"wp","href":"https:\/\/api.w.org\/{rel}","templated":true}]}}