{"id":3231,"date":"2025-02-14T13:49:19","date_gmt":"2025-02-14T12:49:19","guid":{"rendered":"https:\/\/kundih.hr\/?post_type=product&#038;p=3231"},"modified":"2026-04-20T14:23:50","modified_gmt":"2026-04-20T12:23:50","slug":"nosac-plasta-rolete-s-zastitom-3-kom","status":"publish","type":"product","link":"https:\/\/kundih.hr\/en\/product\/nosac-plasta-rolete-s-zastitom-3-kom\/","title":{"rendered":"Roller shutter security spring, with plastic, 3 pcs"},"content":{"rendered":"<h5>Large selection of parts for repairing roller shutters!<\/h5>\n<p>&nbsp;<\/p>\n<h6>Pala vam je roleta? \ud83d\ude42 Imamo rje\u0161enje za Vas.<\/h6>\n<h6>U ponudi imamo dva modela nosa\u010da pla\u0161ta rolete (ovjes rolete, vje\u0161alica za roletu).<\/h6>\n<h6><a href=\"https:\/\/kundih.hr\/en\/product\/nosac-plasta-rolete\/\">Plastificirani model nosa\u010da rolete<\/a> and <a href=\"https:\/\/kundih.hr\/en\/product\/nosac-plasta-rolete-sa-zastitom\/\">nosa\u010d ovjesa rolete sa plastikom<\/a>.<\/h6>\n<p>&nbsp;<\/p>\n<h4>Odaberite pakiranje od 3 komada i u\u0161tedite!<\/h4>\n<p>&nbsp;<\/p>\n<h6>Vje\u0161alica\/nosa\u010d pla\u0161ta rolete sa plasti\u010dnim prihvatom lamele.<\/h6>\n<p>&nbsp;<\/p>\n<p>Suitable for aluminum and plastic slats.<\/p>\n<ul>\n<li>Dimenzija:106 (20) x 150 mm<\/li>\n<li>Materijal: aluminij, plastika<\/li>\n<\/ul>","protected":false},"excerpt":{"rendered":"<p>Vje\u0161alica\/nosa\u010d pla\u0161ta rolete, sa plasti\u010dnim prihvatom lamele.<\/p>","protected":false},"featured_media":3226,"comment_status":"closed","ping_status":"closed","template":"","meta":{"_acf_changed":false,"rank_math_lock_modified_date":false},"product_cat":[32],"product_tag":[],"class_list":{"0":"post-3231","1":"product","2":"type-product","3":"status-publish","4":"has-post-thumbnail","6":"product_cat-ostali-roletarski-proizvodi","8":"first","9":"instock","10":"purchasable","11":"product-type-simple"},"acf":[],"jetpack_sharing_enabled":true,"_links":{"self":[{"href":"https:\/\/kundih.hr\/en\/wp-json\/wp\/v2\/product\/3231","targetHints":{"allow":["GET"]}}],"collection":[{"href":"https:\/\/kundih.hr\/en\/wp-json\/wp\/v2\/product"}],"about":[{"href":"https:\/\/kundih.hr\/en\/wp-json\/wp\/v2\/types\/product"}],"replies":[{"embeddable":true,"href":"https:\/\/kundih.hr\/en\/wp-json\/wp\/v2\/comments?post=3231"}],"wp:featuredmedia":[{"embeddable":true,"href":"https:\/\/kundih.hr\/en\/wp-json\/wp\/v2\/media\/3226"}],"wp:attachment":[{"href":"https:\/\/kundih.hr\/en\/wp-json\/wp\/v2\/media?parent=3231"}],"wp:term":[{"taxonomy":"product_cat","embeddable":true,"href":"https:\/\/kundih.hr\/en\/wp-json\/wp\/v2\/product_cat?post=3231"},{"taxonomy":"product_tag","embeddable":true,"href":"https:\/\/kundih.hr\/en\/wp-json\/wp\/v2\/product_tag?post=3231"}],"curies":[{"name":"wp","href":"https:\/\/api.w.org\/{rel}","templated":true}]}}