{"id":4932,"date":"2026-05-15T13:08:19","date_gmt":"2026-05-15T11:08:19","guid":{"rendered":"https:\/\/kundih.hr\/?post_type=product&#038;p=4932"},"modified":"2026-05-15T13:17:00","modified_gmt":"2026-05-15T11:17:00","slug":"zaustavljac-rolete-s-metalnim-vijkom-25mm-10-kom","status":"publish","type":"product","link":"https:\/\/kundih.hr\/en\/product\/zaustavljac-rolete-s-metalnim-vijkom-25mm-10-kom\/","title":{"rendered":"Zaustavlja\u010d rolete s metalnim vijkom, 25mm &#8211; 10 kom"},"content":{"rendered":"<h3 data-section-id=\"2nd69c\" data-start=\"0\" data-end=\"42\"><strong>Zaustavlja\u010di rolete \u2013 veliki izbor boja<\/strong><\/h3>\n<p>&nbsp;<\/p>\n<p data-start=\"44\" data-end=\"210\">Kvalitetni zaustavlja\u010di (\u0161toperi) za rolete s metalnim vijkom namijenjeni su za sigurno zaustavljanje rolete i sprje\u010davanje potpunog uvla\u010denja pla\u0161ta u kutiju rolete.<\/p>\n<p data-start=\"212\" data-end=\"331\">Izra\u0111eni su od UV otporne plastike i dolaze u vi\u0161e boja kako bi se \u0161to bolje uklopili uz boju va\u0161e rolete i zavr\u0161ne lamele.<\/p>\n<p data-start=\"333\" data-end=\"353\">Odli\u010dan su izbor za:<\/p>\n<ul data-start=\"354\" data-end=\"465\">\n<li data-section-id=\"2g1vyj\" data-start=\"354\" data-end=\"401\">zamjenu dotrajalih ili o\u0161te\u0107enih zaustavlja\u010da<\/li>\n<li data-section-id=\"qs5hx5\" data-start=\"402\" data-end=\"423\">novu monta\u017eu roleta<\/li>\n<li data-section-id=\"1h0swhj\" data-start=\"424\" data-end=\"465\">estetsko uskla\u0111ivanje detalja na roleti<\/li>\n<\/ul>\n<p>&nbsp;<\/p>\n<h4 data-section-id=\"1qpidex\" data-start=\"472\" data-end=\"484\">Prednosti<\/h4>\n<p data-start=\"486\" data-end=\"667\">\u2714 jednostavna i brza monta\u017ea<br data-start=\"514\" data-end=\"517\" \/>\u2714 uklju\u010deni metalni vijci<br data-start=\"542\" data-end=\"545\" \/>\u2714 \u010dvrsta i izdr\u017eljiva izrada<br data-start=\"573\" data-end=\"576\" \/>\u2714 uredan i diskretan izgled<br data-start=\"603\" data-end=\"606\" \/>\u2714 dostupno vi\u0161e boja<\/p>\n<h4 data-section-id=\"a0h66s\" data-start=\"674\" data-end=\"699\">Tehni\u010dke specifikacije<\/h4>\n<ul data-start=\"701\" data-end=\"844\">\n<li data-section-id=\"1j06l0r\" data-start=\"701\" data-end=\"727\">dimenzija: \u00d822 \u00d7 25 mm<\/li>\n<li data-section-id=\"1d7qkgf\" data-start=\"728\" data-end=\"755\">materijal: UV stabilna plastika<\/li>\n<li data-section-id=\"rkqqi\" data-start=\"756\" data-end=\"784\">vijak: metalni 5 \u00d7 30 mm<\/li>\n<li data-section-id=\"1i4gtow\" data-start=\"820\" data-end=\"844\">broj dostupnih boja: 4<\/li>\n<li data-section-id=\"1i4gtow\" data-start=\"820\" data-end=\"844\">pakiranje: 10 komada<\/li>\n<\/ul>\n<p>&nbsp;<\/p>\n<h4 data-section-id=\"9yopad\" data-start=\"851\" data-end=\"867\">Dostupne boje<\/h4>\n<p data-start=\"869\" data-end=\"929\">bijela \u00b7 siva \u00b7 sme\u0111a \u00b7 antracit<\/p>\n<p>&nbsp;<\/p>\n<h4 data-section-id=\"cuih9\" data-start=\"936\" data-end=\"955\">Upute za monta\u017eu<\/h4>\n<p data-start=\"957\" data-end=\"1038\">Zaustavlja\u010d se montira na zavr\u0161nu lamelu rolete pomo\u0107u prilo\u017eenog metalnog vijka.<\/p>","protected":false},"excerpt":{"rendered":"<p>Roller shutter stopper with metal screw.<br \/>\nDostupno u 4 boje .<\/p>\n<p>&nbsp;<\/p>\n<h6><strong>Du\u017eina: 25 mm<\/strong><\/h6>\n<h6><strong>Set of 10 pcs<\/strong><\/h6>","protected":false},"featured_media":4907,"comment_status":"open","ping_status":"closed","template":"","meta":{"_acf_changed":false},"product_brand":[],"product_cat":[32],"product_tag":[],"class_list":{"0":"post-4932","1":"product","2":"type-product","3":"status-publish","4":"has-post-thumbnail","6":"product_cat-ostali-roletarski-proizvodi","7":"pa_boja-antracit","8":"pa_boja-bijela","9":"pa_boja-bijela-kava","10":"pa_boja-crna","11":"pa_boja-oker","12":"pa_boja-siva","13":"pa_boja-smeda","15":"first","16":"instock","17":"featured","18":"taxable","19":"shipping-taxable","20":"purchasable","21":"product-type-variable"},"acf":[],"_links":{"self":[{"href":"https:\/\/kundih.hr\/en\/wp-json\/wp\/v2\/product\/4932","targetHints":{"allow":["GET"]}}],"collection":[{"href":"https:\/\/kundih.hr\/en\/wp-json\/wp\/v2\/product"}],"about":[{"href":"https:\/\/kundih.hr\/en\/wp-json\/wp\/v2\/types\/product"}],"replies":[{"embeddable":true,"href":"https:\/\/kundih.hr\/en\/wp-json\/wp\/v2\/comments?post=4932"}],"wp:featuredmedia":[{"embeddable":true,"href":"https:\/\/kundih.hr\/en\/wp-json\/wp\/v2\/media\/4907"}],"wp:attachment":[{"href":"https:\/\/kundih.hr\/en\/wp-json\/wp\/v2\/media?parent=4932"}],"wp:term":[{"taxonomy":"product_brand","embeddable":true,"href":"https:\/\/kundih.hr\/en\/wp-json\/wp\/v2\/product_brand?post=4932"},{"taxonomy":"product_cat","embeddable":true,"href":"https:\/\/kundih.hr\/en\/wp-json\/wp\/v2\/product_cat?post=4932"},{"taxonomy":"product_tag","embeddable":true,"href":"https:\/\/kundih.hr\/en\/wp-json\/wp\/v2\/product_tag?post=4932"}],"curies":[{"name":"wp","href":"https:\/\/api.w.org\/{rel}","templated":true}]}}